{"id":22120,"date":"2017-12-05T15:44:49","date_gmt":"2017-12-05T20:44:49","guid":{"rendered":"https:\/\/ctccollector.ca\/store\/?post_type=product&#038;p=22120"},"modified":"2021-10-03T13:53:05","modified_gmt":"2021-10-03T17:53:05","slug":"fa06-025-08-type-075-2415-0217-4010647","status":"publish","type":"product","link":"https:\/\/ctccollector.ca\/store\/shop\/fa06-025-08-type-075-2415-0217-4010647\/","title":{"rendered":"FA06-025-08-Type 075-2415-0217 &#8211; 4010647"},"content":{"rendered":"<p>[:en]Fixed Amount Series 6<\/p>\n<p>$25.00 Bicycle Wheel<\/p>\n<p>Used, no value on card<\/p>\n<p>2415 &#8211; Card #4010647<\/p>\n<p>Date 02-2017[:fr]Montant Fixe s\u00e9ries 6<\/p>\n<p>$25.00 Roue de v\u00e9lo<\/p>\n<p>Utilis\u00e9e, aucun valeur sur la carte<\/p>\n<p>2415 -Carte #4010647<\/p>\n<p>Date 02-2017[:]<\/p>\n","protected":false},"excerpt":{"rendered":"<p>[:en]Fixed Amount Series 6 $25.00 Bicycle Wheel Used, no value on card 2415 &#8211; Card #4010647 Date 02-2017[:fr]Montant Fixe s\u00e9ries 6 $25.00 Roue de v\u00e9lo Utilis\u00e9e, aucun valeur sur la carte 2415 -Carte #4010647 Date 02-2017[:]<\/p>\n","protected":false},"featured_media":22121,"template":"","meta":[],"product_brand":[],"product_cat":[847],"product_tag":[],"class_list":{"0":"post-22120","1":"product","2":"type-product","3":"status-publish","4":"has-post-thumbnail","6":"product_cat-fa06-025","9":"first","10":"instock","11":"shipping-taxable","12":"purchasable","13":"product-type-simple"},"_links":{"self":[{"href":"https:\/\/ctccollector.ca\/store\/wp-json\/wp\/v2\/product\/22120","targetHints":{"allow":["GET"]}}],"collection":[{"href":"https:\/\/ctccollector.ca\/store\/wp-json\/wp\/v2\/product"}],"about":[{"href":"https:\/\/ctccollector.ca\/store\/wp-json\/wp\/v2\/types\/product"}],"wp:featuredmedia":[{"embeddable":true,"href":"https:\/\/ctccollector.ca\/store\/wp-json\/wp\/v2\/media\/22121"}],"wp:attachment":[{"href":"https:\/\/ctccollector.ca\/store\/wp-json\/wp\/v2\/media?parent=22120"}],"wp:term":[{"taxonomy":"product_brand","embeddable":true,"href":"https:\/\/ctccollector.ca\/store\/wp-json\/wp\/v2\/product_brand?post=22120"},{"taxonomy":"product_cat","embeddable":true,"href":"https:\/\/ctccollector.ca\/store\/wp-json\/wp\/v2\/product_cat?post=22120"},{"taxonomy":"product_tag","embeddable":true,"href":"https:\/\/ctccollector.ca\/store\/wp-json\/wp\/v2\/product_tag?post=22120"}],"curies":[{"name":"wp","href":"https:\/\/api.w.org\/{rel}","templated":true}]}}