{"id":22124,"date":"2017-12-05T15:50:52","date_gmt":"2017-12-05T20:50:52","guid":{"rendered":"https:\/\/ctccollector.ca\/store\/?post_type=product&#038;p=22124"},"modified":"2021-03-29T11:04:21","modified_gmt":"2021-03-29T15:04:21","slug":"vnr-xs-02-type-245-2469-0717-4011329","status":"publish","type":"product","link":"https:\/\/ctccollector.ca\/store\/shop\/vnr-xs-02-type-245-2469-0717-4011329\/","title":{"rendered":"VNR-XS-02-Type 245 &#8211; 2469-0717 &#8211; 4011329"},"content":{"rendered":"<p>[:en]Variable Amount Non-Reloadable<br \/>\nSanta&#8217;s Beard<\/p>\n<p>Used, no value on card<br \/>\n2469 &#8211;<br \/>\nCard #4011329<\/p>\n<p>Date 07-2017[:fr]Montant variable non-rechargeable<br \/>\nBarbe du P\u00e8re No\u00ebl<\/p>\n<p>Utilis\u00e9e, aucun valeur sur la carte<br \/>\n2469 &#8211;<br \/>\nCarte #4011329<\/p>\n<p>Date 07-2017[:]<\/p>\n","protected":false},"excerpt":{"rendered":"<p>[:en]Variable Amount Non-Reloadable Santa&#8217;s Beard Used, no value on card 2469 &#8211; Card #4011329 Date 07-2017[:fr]Montant variable non-rechargeable Barbe du P\u00e8re No\u00ebl Utilis\u00e9e, aucun valeur sur la carte 2469 &#8211; Carte #4011329 Date 07-2017[:]<\/p>\n","protected":false},"featured_media":22125,"template":"","meta":[],"product_brand":[],"product_cat":[831],"product_tag":[],"class_list":{"0":"post-22124","1":"product","2":"type-product","3":"status-publish","4":"has-post-thumbnail","6":"product_cat-vnr-xs","9":"first","10":"instock","11":"shipping-taxable","12":"purchasable","13":"product-type-simple"},"_links":{"self":[{"href":"https:\/\/ctccollector.ca\/store\/wp-json\/wp\/v2\/product\/22124","targetHints":{"allow":["GET"]}}],"collection":[{"href":"https:\/\/ctccollector.ca\/store\/wp-json\/wp\/v2\/product"}],"about":[{"href":"https:\/\/ctccollector.ca\/store\/wp-json\/wp\/v2\/types\/product"}],"wp:featuredmedia":[{"embeddable":true,"href":"https:\/\/ctccollector.ca\/store\/wp-json\/wp\/v2\/media\/22125"}],"wp:attachment":[{"href":"https:\/\/ctccollector.ca\/store\/wp-json\/wp\/v2\/media?parent=22124"}],"wp:term":[{"taxonomy":"product_brand","embeddable":true,"href":"https:\/\/ctccollector.ca\/store\/wp-json\/wp\/v2\/product_brand?post=22124"},{"taxonomy":"product_cat","embeddable":true,"href":"https:\/\/ctccollector.ca\/store\/wp-json\/wp\/v2\/product_cat?post=22124"},{"taxonomy":"product_tag","embeddable":true,"href":"https:\/\/ctccollector.ca\/store\/wp-json\/wp\/v2\/product_tag?post=22124"}],"curies":[{"name":"wp","href":"https:\/\/api.w.org\/{rel}","templated":true}]}}