{"id":22137,"date":"2017-12-05T16:10:14","date_gmt":"2017-12-05T21:10:14","guid":{"rendered":"https:\/\/ctccollector.ca\/store\/?post_type=product&#038;p=22137"},"modified":"2025-01-30T15:31:08","modified_gmt":"2025-01-30T20:31:08","slug":"fa10-050-01-type-042-2403-0717-4011336","status":"publish","type":"product","link":"https:\/\/ctccollector.ca\/store\/shop\/fa10-050-01-type-042-2403-0717-4011336\/","title":{"rendered":"FA10-050-01-Type 042 &#8211; 2403-0717 &#8211; 4011336"},"content":{"rendered":"<p>[:en]Fixed Amount Series 10<\/p>\n<p>$50.00 Red Ornament<\/p>\n<p>Used, no value on card<\/p>\n<p>2403 &#8211; Card #4011336<\/p>\n<p>Date 07-2017[:fr]Montant Fixe s\u00e9ries 10<\/p>\n<p>$50.00 D\u00e9coration rouge<\/p>\n<p>Utilis\u00e9e, aucun valeur sur la carte<\/p>\n<p>2403 &#8211; Carte #4011336<\/p>\n<p>Date 07-2017[:]<\/p>\n","protected":false},"excerpt":{"rendered":"<p>[:en]Fixed Amount Series 10 $50.00 Red Ornament Used, no value on card 2403 &#8211; Card #4011336 Date 07-2017[:fr]Montant Fixe s\u00e9ries 10 $50.00 D\u00e9coration rouge Utilis\u00e9e, aucun valeur sur la carte 2403 &#8211; Carte #4011336 Date 07-2017[:]<\/p>\n","protected":false},"featured_media":22136,"template":"","meta":[],"product_brand":[],"product_cat":[917],"product_tag":[],"class_list":{"0":"post-22137","1":"product","2":"type-product","3":"status-publish","4":"has-post-thumbnail","6":"product_cat-fixed-amount-fa10","9":"first","10":"instock","11":"shipping-taxable","12":"purchasable","13":"product-type-simple"},"_links":{"self":[{"href":"https:\/\/ctccollector.ca\/store\/wp-json\/wp\/v2\/product\/22137","targetHints":{"allow":["GET"]}}],"collection":[{"href":"https:\/\/ctccollector.ca\/store\/wp-json\/wp\/v2\/product"}],"about":[{"href":"https:\/\/ctccollector.ca\/store\/wp-json\/wp\/v2\/types\/product"}],"wp:featuredmedia":[{"embeddable":true,"href":"https:\/\/ctccollector.ca\/store\/wp-json\/wp\/v2\/media\/22136"}],"wp:attachment":[{"href":"https:\/\/ctccollector.ca\/store\/wp-json\/wp\/v2\/media?parent=22137"}],"wp:term":[{"taxonomy":"product_brand","embeddable":true,"href":"https:\/\/ctccollector.ca\/store\/wp-json\/wp\/v2\/product_brand?post=22137"},{"taxonomy":"product_cat","embeddable":true,"href":"https:\/\/ctccollector.ca\/store\/wp-json\/wp\/v2\/product_cat?post=22137"},{"taxonomy":"product_tag","embeddable":true,"href":"https:\/\/ctccollector.ca\/store\/wp-json\/wp\/v2\/product_tag?post=22137"}],"curies":[{"name":"wp","href":"https:\/\/api.w.org\/{rel}","templated":true}]}}