{"id":22230,"date":"2017-12-22T13:09:52","date_gmt":"2017-12-22T18:09:52","guid":{"rendered":"https:\/\/ctccollector.ca\/store\/?post_type=product&#038;p=22230"},"modified":"2021-03-29T11:03:11","modified_gmt":"2021-03-29T15:03:11","slug":"vnr-xb-05-type-264-2437-0717-4011319","status":"publish","type":"product","link":"https:\/\/ctccollector.ca\/store\/shop\/vnr-xb-05-type-264-2437-0717-4011319\/","title":{"rendered":"VNR-XB-05-Type 264 &#8211; 2437-0717 &#8211; 4011319"},"content":{"rendered":"<p>[:en]Variable Amount Non-Reloadable<\/p>\n<p>Xmas Banner<\/p>\n<p>Used, no value on card<\/p>\n<p>Card #4011319<\/p>\n<p>Date 07-2017[:fr]Montant variable non-rechargeable<\/p>\n<p>Banni\u00e8re de no\u00ebl<\/p>\n<p>Utilis\u00e9e, aucun valeur sur la carte<\/p>\n<p>Carte #4011319<\/p>\n<p>Date 07-2017[:]<\/p>\n","protected":false},"excerpt":{"rendered":"<p>[:en]Variable Amount Non-Reloadable Xmas Banner Used, no value on card Card #4011319 Date 07-2017[:fr]Montant variable non-rechargeable Banni\u00e8re de no\u00ebl Utilis\u00e9e, aucun valeur sur la carte Carte #4011319 Date 07-2017[:]<\/p>\n","protected":false},"featured_media":22231,"template":"","meta":[],"product_brand":[],"product_cat":[797],"product_tag":[],"class_list":{"0":"post-22230","1":"product","2":"type-product","3":"status-publish","4":"has-post-thumbnail","6":"product_cat-vnr-xb","9":"first","10":"instock","11":"shipping-taxable","12":"purchasable","13":"product-type-simple"},"_links":{"self":[{"href":"https:\/\/ctccollector.ca\/store\/wp-json\/wp\/v2\/product\/22230","targetHints":{"allow":["GET"]}}],"collection":[{"href":"https:\/\/ctccollector.ca\/store\/wp-json\/wp\/v2\/product"}],"about":[{"href":"https:\/\/ctccollector.ca\/store\/wp-json\/wp\/v2\/types\/product"}],"wp:featuredmedia":[{"embeddable":true,"href":"https:\/\/ctccollector.ca\/store\/wp-json\/wp\/v2\/media\/22231"}],"wp:attachment":[{"href":"https:\/\/ctccollector.ca\/store\/wp-json\/wp\/v2\/media?parent=22230"}],"wp:term":[{"taxonomy":"product_brand","embeddable":true,"href":"https:\/\/ctccollector.ca\/store\/wp-json\/wp\/v2\/product_brand?post=22230"},{"taxonomy":"product_cat","embeddable":true,"href":"https:\/\/ctccollector.ca\/store\/wp-json\/wp\/v2\/product_cat?post=22230"},{"taxonomy":"product_tag","embeddable":true,"href":"https:\/\/ctccollector.ca\/store\/wp-json\/wp\/v2\/product_tag?post=22230"}],"curies":[{"name":"wp","href":"https:\/\/api.w.org\/{rel}","templated":true}]}}