{"id":22256,"date":"2017-12-26T13:45:43","date_gmt":"2017-12-26T18:45:43","guid":{"rendered":"https:\/\/ctccollector.ca\/store\/?post_type=product&#038;p=22256"},"modified":"2021-01-13T09:53:54","modified_gmt":"2021-01-13T14:53:54","slug":"fa01-025-09-type-010-2402-or-2405-0905","status":"publish","type":"product","link":"https:\/\/ctccollector.ca\/store\/shop\/fa01-025-09-type-010-2402-or-2405-0905\/","title":{"rendered":"FA01-025-09-Type 010-(2402 or 2405)-0905"},"content":{"rendered":"<p>[:en]Fixed Amount Series 1<br \/>\n$25.00 Mother and Daughters<\/p>\n<p>Used, no value on card<br \/>\n2402 &#8211; 2405<br \/>\nDate 09-2005[:fr]Montant Fixe s\u00e9ries 1<br \/>\n$25.00 M\u00e8re et filles<\/p>\n<p>Utilis\u00e9e, aucun valeur sur la carte<br \/>\n2402 &#8211; 2405<br \/>\nDate 09-2005[:]<\/p>\n","protected":false},"excerpt":{"rendered":"<p>[:en]Fixed Amount Series 1 $25.00 Mother and Daughters Used, no value on card 2402 &#8211; 2405 Date 09-2005[:fr]Montant Fixe s\u00e9ries 1 $25.00 M\u00e8re et filles Utilis\u00e9e, aucun valeur sur la carte 2402 &#8211; 2405 Date 09-2005[:]<\/p>\n","protected":false},"featured_media":22257,"template":"","meta":[],"product_brand":[],"product_cat":[743],"product_tag":[],"class_list":{"0":"post-22256","1":"product","2":"type-product","3":"status-publish","4":"has-post-thumbnail","6":"product_cat-fa01-025","9":"first","10":"instock","11":"shipping-taxable","12":"purchasable","13":"product-type-simple"},"_links":{"self":[{"href":"https:\/\/ctccollector.ca\/store\/wp-json\/wp\/v2\/product\/22256","targetHints":{"allow":["GET"]}}],"collection":[{"href":"https:\/\/ctccollector.ca\/store\/wp-json\/wp\/v2\/product"}],"about":[{"href":"https:\/\/ctccollector.ca\/store\/wp-json\/wp\/v2\/types\/product"}],"wp:featuredmedia":[{"embeddable":true,"href":"https:\/\/ctccollector.ca\/store\/wp-json\/wp\/v2\/media\/22257"}],"wp:attachment":[{"href":"https:\/\/ctccollector.ca\/store\/wp-json\/wp\/v2\/media?parent=22256"}],"wp:term":[{"taxonomy":"product_brand","embeddable":true,"href":"https:\/\/ctccollector.ca\/store\/wp-json\/wp\/v2\/product_brand?post=22256"},{"taxonomy":"product_cat","embeddable":true,"href":"https:\/\/ctccollector.ca\/store\/wp-json\/wp\/v2\/product_cat?post=22256"},{"taxonomy":"product_tag","embeddable":true,"href":"https:\/\/ctccollector.ca\/store\/wp-json\/wp\/v2\/product_tag?post=22256"}],"curies":[{"name":"wp","href":"https:\/\/api.w.org\/{rel}","templated":true}]}}