{"id":22379,"date":"2018-01-21T11:41:16","date_gmt":"2018-01-21T16:41:16","guid":{"rendered":"https:\/\/ctccollector.ca\/store\/?post_type=product&#038;p=22379"},"modified":"2024-04-21T10:08:13","modified_gmt":"2024-04-21T14:08:13","slug":"1990-quebec-games-medal-gold-plated","status":"publish","type":"product","link":"https:\/\/ctccollector.ca\/store\/shop\/1990-quebec-games-medal-gold-plated\/","title":{"rendered":"[:en]1990 Quebec Games medal gold plated[:fr]M\u00e9daille des Jeux du Qu\u00e9bec 1990 plaqu\u00e9 or[:]"},"content":{"rendered":"<p>[:en]You will receive the following medal.<\/p>\n<p>1990 Quebec Games medal gold plated.[:fr]Vous recevrez le m\u00e9daille suivante.<\/p>\n<p>M\u00e9daille des Jeux du Qu\u00e9bec 1990 plaqu\u00e9 or.<\/p>\n<p>&nbsp;[:]<\/p>\n","protected":false},"excerpt":{"rendered":"<p>[:en]You will receive the following medal. 1990 Quebec Games medal gold plated.[:fr]Vous recevrez le m\u00e9daille suivante. M\u00e9daille des Jeux du Qu\u00e9bec 1990 plaqu\u00e9 or. &nbsp;[:]<\/p>\n","protected":false},"featured_media":22367,"template":"","meta":[],"product_brand":[],"product_cat":[254],"product_tag":[],"class_list":{"0":"post-22379","1":"product","2":"type-product","3":"status-publish","4":"has-post-thumbnail","6":"product_cat-coins-medals","9":"first","10":"outofstock","11":"shipping-taxable","12":"purchasable","13":"product-type-simple"},"_links":{"self":[{"href":"https:\/\/ctccollector.ca\/store\/wp-json\/wp\/v2\/product\/22379","targetHints":{"allow":["GET"]}}],"collection":[{"href":"https:\/\/ctccollector.ca\/store\/wp-json\/wp\/v2\/product"}],"about":[{"href":"https:\/\/ctccollector.ca\/store\/wp-json\/wp\/v2\/types\/product"}],"wp:featuredmedia":[{"embeddable":true,"href":"https:\/\/ctccollector.ca\/store\/wp-json\/wp\/v2\/media\/22367"}],"wp:attachment":[{"href":"https:\/\/ctccollector.ca\/store\/wp-json\/wp\/v2\/media?parent=22379"}],"wp:term":[{"taxonomy":"product_brand","embeddable":true,"href":"https:\/\/ctccollector.ca\/store\/wp-json\/wp\/v2\/product_brand?post=22379"},{"taxonomy":"product_cat","embeddable":true,"href":"https:\/\/ctccollector.ca\/store\/wp-json\/wp\/v2\/product_cat?post=22379"},{"taxonomy":"product_tag","embeddable":true,"href":"https:\/\/ctccollector.ca\/store\/wp-json\/wp\/v2\/product_tag?post=22379"}],"curies":[{"name":"wp","href":"https:\/\/api.w.org\/{rel}","templated":true}]}}