{"id":22507,"date":"2018-02-25T13:45:36","date_gmt":"2018-02-25T18:45:36","guid":{"rendered":"https:\/\/ctccollector.ca\/store\/?post_type=product&#038;p=22507"},"modified":"2025-03-07T22:01:36","modified_gmt":"2025-03-08T03:01:36","slug":"ctc-7-g-h0677102-vf","status":"publish","type":"product","link":"https:\/\/ctccollector.ca\/store\/shop\/ctc-7-g-h0677102-vf\/","title":{"rendered":"CTC G07-G &#8211; H0677102  &#8211;  VF"},"content":{"rendered":"<p>[:en]Serial #: H0677102<\/p>\n<p>Grade: VF<\/p>\n<p>Denomination: $0.35<\/p>\n<p>See image for actual note.[:fr]S\u00e9rie #: H0677102<\/p>\n<p>Grade: VF<\/p>\n<p>D\u00e9nomination: $0.35<\/p>\n<p>Voir l&#8217;image pour examiner le billet que vous ach\u00e8terez![:]<\/p>\n","protected":false},"excerpt":{"rendered":"<p>[:en]Serial #: H0677102 Grade: VF Denomination: $0.35 See image for actual note.[:fr]S\u00e9rie #: H0677102 Grade: VF D\u00e9nomination: $0.35 Voir l&#8217;image pour examiner le billet que vous ach\u00e8terez![:]<\/p>\n","protected":false},"featured_media":22508,"template":"","meta":[],"product_brand":[],"product_cat":[327],"product_tag":[],"class_list":{"0":"post-22507","1":"product","2":"type-product","3":"status-publish","4":"has-post-thumbnail","6":"product_cat-ctc-7-35-notes-2","9":"first","10":"outofstock","11":"shipping-taxable","12":"purchasable","13":"product-type-simple"},"_links":{"self":[{"href":"https:\/\/ctccollector.ca\/store\/wp-json\/wp\/v2\/product\/22507","targetHints":{"allow":["GET"]}}],"collection":[{"href":"https:\/\/ctccollector.ca\/store\/wp-json\/wp\/v2\/product"}],"about":[{"href":"https:\/\/ctccollector.ca\/store\/wp-json\/wp\/v2\/types\/product"}],"wp:featuredmedia":[{"embeddable":true,"href":"https:\/\/ctccollector.ca\/store\/wp-json\/wp\/v2\/media\/22508"}],"wp:attachment":[{"href":"https:\/\/ctccollector.ca\/store\/wp-json\/wp\/v2\/media?parent=22507"}],"wp:term":[{"taxonomy":"product_brand","embeddable":true,"href":"https:\/\/ctccollector.ca\/store\/wp-json\/wp\/v2\/product_brand?post=22507"},{"taxonomy":"product_cat","embeddable":true,"href":"https:\/\/ctccollector.ca\/store\/wp-json\/wp\/v2\/product_cat?post=22507"},{"taxonomy":"product_tag","embeddable":true,"href":"https:\/\/ctccollector.ca\/store\/wp-json\/wp\/v2\/product_tag?post=22507"}],"curies":[{"name":"wp","href":"https:\/\/api.w.org\/{rel}","templated":true}]}}