{"id":22666,"date":"2018-04-12T16:48:01","date_gmt":"2018-04-12T20:48:01","guid":{"rendered":"https:\/\/ctccollector.ca\/store\/?post_type=product&#038;p=22666"},"modified":"2019-04-28T11:38:11","modified_gmt":"2019-04-28T15:38:11","slug":"ctc-5-a-a414641-fine","status":"publish","type":"product","link":"https:\/\/ctccollector.ca\/store\/shop\/ctc-5-a-a414641-fine\/","title":{"rendered":"CTC G05-A-A &#8211; A414641 &#8211;  Fine"},"content":{"rendered":"<p>[:en]Serial #: A414641<\/p>\n<p>Grade: Fine<\/p>\n<p>Denomination: $0.05<\/p>\n<p>Check out the image, this will be the actual note you are purchasing![:fr]Num\u00e9ro de s\u00e9rie: A414641<\/p>\n<p>Grade: Fine<\/p>\n<p>D\u00e9nomination: $0.05<\/p>\n<p>Voir l&#8217;image pour examiner le billet que vous ach\u00e8terez![:]<\/p>\n","protected":false},"excerpt":{"rendered":"<p>[:en]Serial #: A414641 Grade: Fine Denomination: $0.05 Check out the image, this will be the actual note you are purchasing![:fr]Num\u00e9ro de s\u00e9rie: A414641 Grade: Fine D\u00e9nomination: $0.05 Voir l&#8217;image pour examiner le billet que vous ach\u00e8terez![:]<\/p>\n","protected":false},"featured_media":22667,"template":"","meta":[],"product_brand":[],"product_cat":[306],"product_tag":[],"class_list":{"0":"post-22666","1":"product","2":"type-product","3":"status-publish","4":"has-post-thumbnail","6":"product_cat-ctc-5-5-notes-2","9":"first","10":"instock","11":"shipping-taxable","12":"purchasable","13":"product-type-simple"},"_links":{"self":[{"href":"https:\/\/ctccollector.ca\/store\/wp-json\/wp\/v2\/product\/22666","targetHints":{"allow":["GET"]}}],"collection":[{"href":"https:\/\/ctccollector.ca\/store\/wp-json\/wp\/v2\/product"}],"about":[{"href":"https:\/\/ctccollector.ca\/store\/wp-json\/wp\/v2\/types\/product"}],"wp:featuredmedia":[{"embeddable":true,"href":"https:\/\/ctccollector.ca\/store\/wp-json\/wp\/v2\/media\/22667"}],"wp:attachment":[{"href":"https:\/\/ctccollector.ca\/store\/wp-json\/wp\/v2\/media?parent=22666"}],"wp:term":[{"taxonomy":"product_brand","embeddable":true,"href":"https:\/\/ctccollector.ca\/store\/wp-json\/wp\/v2\/product_brand?post=22666"},{"taxonomy":"product_cat","embeddable":true,"href":"https:\/\/ctccollector.ca\/store\/wp-json\/wp\/v2\/product_cat?post=22666"},{"taxonomy":"product_tag","embeddable":true,"href":"https:\/\/ctccollector.ca\/store\/wp-json\/wp\/v2\/product_tag?post=22666"}],"curies":[{"name":"wp","href":"https:\/\/api.w.org\/{rel}","templated":true}]}}