{"id":22825,"date":"2018-05-24T16:25:28","date_gmt":"2018-05-24T20:25:28","guid":{"rendered":"https:\/\/ctccollector.ca\/store\/?post_type=product&#038;p=22825"},"modified":"2022-08-26T15:46:51","modified_gmt":"2022-08-26T19:46:51","slug":"fa04-i-025-01-type-062-2424-0319-70035","status":"publish","type":"product","link":"https:\/\/ctccollector.ca\/store\/shop\/fa04-i-025-01-type-062-2424-0319-70035\/","title":{"rendered":"FA04-I-025-01-Type 062 &#8211; 2424-0319 &#8211; 70035"},"content":{"rendered":"<p>[:en]Fixed Amount Series 4 -Corporate Issue<\/p>\n<p>$25.00 Wheelbarrow series<\/p>\n<p>Used, no value on card<\/p>\n<p>2424 &#8211;\u00a0Card #70035<\/p>\n<p>Date 03-2019[:fr]Montant Fixe s\u00e9ries 4 -\u00c9mission corporatif<\/p>\n<p>$25.00 s\u00e9rie Brouette<\/p>\n<p>Utilis\u00e9e, aucun valeur sur la carte<\/p>\n<p>2424 &#8211; Carte #70035<\/p>\n<p>Date 03-2019[:]<\/p>\n","protected":false},"excerpt":{"rendered":"<p>[:en]Fixed Amount Series 4 -Corporate Issue $25.00 Wheelbarrow series Used, no value on card 2424 &#8211;\u00a0Card #70035 Date 03-2019[:fr]Montant Fixe s\u00e9ries 4 -\u00c9mission corporatif $25.00 s\u00e9rie Brouette Utilis\u00e9e, aucun valeur sur la carte 2424 &#8211; Carte #70035 Date 03-2019[:]<\/p>\n","protected":false},"featured_media":28210,"template":"","meta":[],"product_brand":[],"product_cat":[755],"product_tag":[],"class_list":{"0":"post-22825","1":"product","2":"type-product","3":"status-publish","4":"has-post-thumbnail","6":"product_cat-fa04-025","9":"first","10":"instock","11":"shipping-taxable","12":"purchasable","13":"product-type-simple"},"_links":{"self":[{"href":"https:\/\/ctccollector.ca\/store\/wp-json\/wp\/v2\/product\/22825","targetHints":{"allow":["GET"]}}],"collection":[{"href":"https:\/\/ctccollector.ca\/store\/wp-json\/wp\/v2\/product"}],"about":[{"href":"https:\/\/ctccollector.ca\/store\/wp-json\/wp\/v2\/types\/product"}],"wp:featuredmedia":[{"embeddable":true,"href":"https:\/\/ctccollector.ca\/store\/wp-json\/wp\/v2\/media\/28210"}],"wp:attachment":[{"href":"https:\/\/ctccollector.ca\/store\/wp-json\/wp\/v2\/media?parent=22825"}],"wp:term":[{"taxonomy":"product_brand","embeddable":true,"href":"https:\/\/ctccollector.ca\/store\/wp-json\/wp\/v2\/product_brand?post=22825"},{"taxonomy":"product_cat","embeddable":true,"href":"https:\/\/ctccollector.ca\/store\/wp-json\/wp\/v2\/product_cat?post=22825"},{"taxonomy":"product_tag","embeddable":true,"href":"https:\/\/ctccollector.ca\/store\/wp-json\/wp\/v2\/product_tag?post=22825"}],"curies":[{"name":"wp","href":"https:\/\/api.w.org\/{rel}","templated":true}]}}