{"id":22979,"date":"2018-06-22T09:44:42","date_gmt":"2018-06-22T13:44:42","guid":{"rendered":"https:\/\/ctccollector.ca\/store\/?post_type=product&#038;p=22979"},"modified":"2021-01-09T10:32:26","modified_gmt":"2021-01-09T15:32:26","slug":"ctc-s32-da13-9990282561-unc","status":"publish","type":"product","link":"https:\/\/ctccollector.ca\/store\/shop\/ctc-s32-da13-9990282561-unc\/","title":{"rendered":"CTC S32-Da13 &#8211; 9990282561 &#8211; UNC"},"content":{"rendered":"<p>[:en]Check out the image, this will be the actual note you are purchasing!<\/p>\n<p>The note that it replaced was the first note in a bundle of 500 regular notes and it was written on the white band.[:fr]Voir l&#8217;image pour examiner le billet que vous ach\u00e8terez!<\/p>\n<p>Le billet qu&#8217;elle rempla\u00e7ait \u00e9tait le premi\u00e8r billet d&#8217;un paquet de 500 billets r\u00e9guli\u00e8res et elle \u00e9tait \u00e9crite sur la bande blanche.[:]<\/p>\n","protected":false},"excerpt":{"rendered":"<p>[:en]Check out the image, this will be the actual note you are purchasing! The note that it replaced was the first note in a bundle of 500 regular notes and it was written on the white band.[:fr]Voir l&#8217;image pour examiner le billet que vous ach\u00e8terez! Le billet qu&#8217;elle rempla\u00e7ait \u00e9tait le premi\u00e8r billet d&#8217;un paquet &hellip; <a href=\"https:\/\/ctccollector.ca\/store\/shop\/ctc-s32-da13-9990282561-unc\/\" class=\"more-link\">Continue reading <span class=\"screen-reader-text\">CTC S32-Da13 &#8211; 9990282561 &#8211; UNC<\/span> <span class=\"meta-nav\">&rarr;<\/span><\/a><\/p>\n","protected":false},"featured_media":22981,"template":"","meta":[],"product_brand":[],"product_cat":[846],"product_tag":[],"class_list":{"0":"post-22979","1":"product","2":"type-product","3":"status-publish","4":"has-post-thumbnail","6":"product_cat-ctc-s32-25-replacements-5","9":"first","10":"instock","11":"shipping-taxable","12":"purchasable","13":"product-type-simple"},"_links":{"self":[{"href":"https:\/\/ctccollector.ca\/store\/wp-json\/wp\/v2\/product\/22979","targetHints":{"allow":["GET"]}}],"collection":[{"href":"https:\/\/ctccollector.ca\/store\/wp-json\/wp\/v2\/product"}],"about":[{"href":"https:\/\/ctccollector.ca\/store\/wp-json\/wp\/v2\/types\/product"}],"wp:featuredmedia":[{"embeddable":true,"href":"https:\/\/ctccollector.ca\/store\/wp-json\/wp\/v2\/media\/22981"}],"wp:attachment":[{"href":"https:\/\/ctccollector.ca\/store\/wp-json\/wp\/v2\/media?parent=22979"}],"wp:term":[{"taxonomy":"product_brand","embeddable":true,"href":"https:\/\/ctccollector.ca\/store\/wp-json\/wp\/v2\/product_brand?post=22979"},{"taxonomy":"product_cat","embeddable":true,"href":"https:\/\/ctccollector.ca\/store\/wp-json\/wp\/v2\/product_cat?post=22979"},{"taxonomy":"product_tag","embeddable":true,"href":"https:\/\/ctccollector.ca\/store\/wp-json\/wp\/v2\/product_tag?post=22979"}],"curies":[{"name":"wp","href":"https:\/\/api.w.org\/{rel}","templated":true}]}}