{"id":23126,"date":"2018-08-01T14:38:25","date_gmt":"2018-08-01T18:38:25","guid":{"rendered":"https:\/\/ctccollector.ca\/store\/?post_type=product&#038;p=23126"},"modified":"2018-08-01T14:39:37","modified_gmt":"2018-08-01T18:39:37","slug":"ctc-g06-a-a1139134-fine","status":"publish","type":"product","link":"https:\/\/ctccollector.ca\/store\/shop\/ctc-g06-a-a1139134-fine\/","title":{"rendered":"CTC G06-A &#8211; A1139134 &#8211;  Fine"},"content":{"rendered":"<p>[:en]Serial #: A1139134<\/p>\n<p>Grade: Fine<\/p>\n<p>Denomination: $0.05<\/p>\n<p>Check out the image, this will be the actual note you are purchasing![:fr]Num\u00e9ro de s\u00e9rie: A1139134<\/p>\n<p>Grade: Fine<\/p>\n<p>D\u00e9nomination: $0.05<\/p>\n<p>Voir l&#8217;image pour examiner le billet que vous ach\u00e8terez![:]<\/p>\n","protected":false},"excerpt":{"rendered":"<p>[:en]Serial #: A1139134 Grade: Fine Denomination: $0.05 Check out the image, this will be the actual note you are purchasing![:fr]Num\u00e9ro de s\u00e9rie: A1139134 Grade: Fine D\u00e9nomination: $0.05 Voir l&#8217;image pour examiner le billet que vous ach\u00e8terez![:]<\/p>\n","protected":false},"featured_media":23127,"template":"","meta":[],"product_brand":[],"product_cat":[310],"product_tag":[],"class_list":{"0":"post-23126","1":"product","2":"type-product","3":"status-publish","4":"has-post-thumbnail","6":"product_cat-ctc-6-5-notes-3","9":"first","10":"instock","11":"shipping-taxable","12":"purchasable","13":"product-type-simple"},"_links":{"self":[{"href":"https:\/\/ctccollector.ca\/store\/wp-json\/wp\/v2\/product\/23126","targetHints":{"allow":["GET"]}}],"collection":[{"href":"https:\/\/ctccollector.ca\/store\/wp-json\/wp\/v2\/product"}],"about":[{"href":"https:\/\/ctccollector.ca\/store\/wp-json\/wp\/v2\/types\/product"}],"wp:featuredmedia":[{"embeddable":true,"href":"https:\/\/ctccollector.ca\/store\/wp-json\/wp\/v2\/media\/23127"}],"wp:attachment":[{"href":"https:\/\/ctccollector.ca\/store\/wp-json\/wp\/v2\/media?parent=23126"}],"wp:term":[{"taxonomy":"product_brand","embeddable":true,"href":"https:\/\/ctccollector.ca\/store\/wp-json\/wp\/v2\/product_brand?post=23126"},{"taxonomy":"product_cat","embeddable":true,"href":"https:\/\/ctccollector.ca\/store\/wp-json\/wp\/v2\/product_cat?post=23126"},{"taxonomy":"product_tag","embeddable":true,"href":"https:\/\/ctccollector.ca\/store\/wp-json\/wp\/v2\/product_tag?post=23126"}],"curies":[{"name":"wp","href":"https:\/\/api.w.org\/{rel}","templated":true}]}}