{"id":23301,"date":"2018-08-24T07:57:12","date_gmt":"2018-08-24T11:57:12","guid":{"rendered":"https:\/\/ctccollector.ca\/store\/?post_type=product&#038;p=23301"},"modified":"2019-07-20T10:55:12","modified_gmt":"2019-07-20T14:55:12","slug":"ctc-s31-ba12-9001513296-unc","status":"publish","type":"product","link":"https:\/\/ctccollector.ca\/store\/shop\/ctc-s31-ba12-9001513296-unc\/","title":{"rendered":"CTC S31-Ba12 &#8211; 9001513296 &#8211; UNC"},"content":{"rendered":"<p>[:en]Check out the image, this will be the actual note you are purchasing!<\/p>\n<p>This series of sheet note replacements start at 9001500000 and go up to 9001549999.[:fr]Voir l&#8217;image pour examiner le billet que vous ach\u00e8terez!<\/p>\n<p>Cette s\u00e9rie de remplacements de feuille commence \u00e0 9001500000 et va jusqu\u2019\u00e0 9001549999.[:]<\/p>\n","protected":false},"excerpt":{"rendered":"<p>[:en]Check out the image, this will be the actual note you are purchasing! This series of sheet note replacements start at 9001500000 and go up to 9001549999.[:fr]Voir l&#8217;image pour examiner le billet que vous ach\u00e8terez! Cette s\u00e9rie de remplacements de feuille commence \u00e0 9001500000 et va jusqu\u2019\u00e0 9001549999.[:]<\/p>\n","protected":false},"featured_media":23296,"template":"","meta":[],"product_brand":[],"product_cat":[691],"product_tag":[],"class_list":{"0":"post-23301","1":"product","2":"type-product","3":"status-publish","4":"has-post-thumbnail","6":"product_cat-ctc-s31-5-replacements-5","9":"first","10":"instock","11":"shipping-taxable","12":"purchasable","13":"product-type-simple"},"_links":{"self":[{"href":"https:\/\/ctccollector.ca\/store\/wp-json\/wp\/v2\/product\/23301","targetHints":{"allow":["GET"]}}],"collection":[{"href":"https:\/\/ctccollector.ca\/store\/wp-json\/wp\/v2\/product"}],"about":[{"href":"https:\/\/ctccollector.ca\/store\/wp-json\/wp\/v2\/types\/product"}],"wp:featuredmedia":[{"embeddable":true,"href":"https:\/\/ctccollector.ca\/store\/wp-json\/wp\/v2\/media\/23296"}],"wp:attachment":[{"href":"https:\/\/ctccollector.ca\/store\/wp-json\/wp\/v2\/media?parent=23301"}],"wp:term":[{"taxonomy":"product_brand","embeddable":true,"href":"https:\/\/ctccollector.ca\/store\/wp-json\/wp\/v2\/product_brand?post=23301"},{"taxonomy":"product_cat","embeddable":true,"href":"https:\/\/ctccollector.ca\/store\/wp-json\/wp\/v2\/product_cat?post=23301"},{"taxonomy":"product_tag","embeddable":true,"href":"https:\/\/ctccollector.ca\/store\/wp-json\/wp\/v2\/product_tag?post=23301"}],"curies":[{"name":"wp","href":"https:\/\/api.w.org\/{rel}","templated":true}]}}