{"id":23700,"date":"2018-09-07T16:35:22","date_gmt":"2018-09-07T20:35:22","guid":{"rendered":"https:\/\/ctccollector.ca\/store\/?post_type=product&#038;p=23700"},"modified":"2025-01-30T15:31:08","modified_gmt":"2025-01-30T20:31:08","slug":"ct-sn-02-2010-g07-d-20%c2%a2-w-20th-anniversary-of-ctccc","status":"publish","type":"product","link":"https:\/\/ctccollector.ca\/store\/shop\/ct-sn-02-2010-g07-d-20%c2%a2-w-20th-anniversary-of-ctccc\/","title":{"rendered":"[:en]CT-SN-02 &#8211; 2010 &#8211; G07-D 20\u00a2 &#8211; w\/* 20th Anniversary of CTCCC[:fr]CT-SN-02 &#8211; 2010 &#8211; G07-D 20\u00a2 &#8211; w\/* 20e Anniversaire du CTCCC[:]"},"content":{"rendered":"<p>[:en]Grade: \u00a0UNC<\/p>\n<p>See the image for type of note, actual serial number is *1990-2010.<\/p>\n<p>Quantity issued 150[:fr]Grade: \u00a0UNC<\/p>\n<p>Voir l&#8217;image pour le billet, le num\u00e9ro de s\u00e9rie est *1990-2010.<\/p>\n<p>Quantit\u00e9 \u00e9mise 150[:]<\/p>\n","protected":false},"excerpt":{"rendered":"<p>[:en]Grade: \u00a0UNC See the image for type of note, actual serial number is *1990-2010. Quantity issued 150[:fr]Grade: \u00a0UNC Voir l&#8217;image pour le billet, le num\u00e9ro de s\u00e9rie est *1990-2010. Quantit\u00e9 \u00e9mise 150[:]<\/p>\n","protected":false},"featured_media":23701,"template":"","meta":[],"product_brand":[],"product_cat":[973],"product_tag":[],"class_list":{"0":"post-23700","1":"product","2":"type-product","3":"status-publish","4":"has-post-thumbnail","6":"product_cat-ctcc-special-notes","9":"first","10":"instock","11":"shipping-taxable","12":"purchasable","13":"product-type-simple"},"_links":{"self":[{"href":"https:\/\/ctccollector.ca\/store\/wp-json\/wp\/v2\/product\/23700","targetHints":{"allow":["GET"]}}],"collection":[{"href":"https:\/\/ctccollector.ca\/store\/wp-json\/wp\/v2\/product"}],"about":[{"href":"https:\/\/ctccollector.ca\/store\/wp-json\/wp\/v2\/types\/product"}],"wp:featuredmedia":[{"embeddable":true,"href":"https:\/\/ctccollector.ca\/store\/wp-json\/wp\/v2\/media\/23701"}],"wp:attachment":[{"href":"https:\/\/ctccollector.ca\/store\/wp-json\/wp\/v2\/media?parent=23700"}],"wp:term":[{"taxonomy":"product_brand","embeddable":true,"href":"https:\/\/ctccollector.ca\/store\/wp-json\/wp\/v2\/product_brand?post=23700"},{"taxonomy":"product_cat","embeddable":true,"href":"https:\/\/ctccollector.ca\/store\/wp-json\/wp\/v2\/product_cat?post=23700"},{"taxonomy":"product_tag","embeddable":true,"href":"https:\/\/ctccollector.ca\/store\/wp-json\/wp\/v2\/product_tag?post=23700"}],"curies":[{"name":"wp","href":"https:\/\/api.w.org\/{rel}","templated":true}]}}