{"id":24151,"date":"2018-11-19T12:16:41","date_gmt":"2018-11-19T17:16:41","guid":{"rendered":"https:\/\/ctccollector.ca\/store\/?post_type=product&#038;p=24151"},"modified":"2018-11-19T12:18:12","modified_gmt":"2018-11-19T17:18:12","slug":"ctc-g07-g-h0462970-ef","status":"publish","type":"product","link":"https:\/\/ctccollector.ca\/store\/shop\/ctc-g07-g-h0462970-ef\/","title":{"rendered":"CTC G07-G &#8211; H0462970  &#8211;  EF"},"content":{"rendered":"<p>[:en]Serial #: H0462970<\/p>\n<p>Grade: EF<\/p>\n<p>Denomination: $0.35<\/p>\n<p>See image for actual note.[:fr]S\u00e9rie #: H0462970<\/p>\n<p>Grade: EF<\/p>\n<p>D\u00e9nomination: $0.35<\/p>\n<p>Voir l&#8217;image pour examiner le billet que vous ach\u00e8terez![:]<\/p>\n","protected":false},"excerpt":{"rendered":"<p>[:en]Serial #: H0462970 Grade: EF Denomination: $0.35 See image for actual note.[:fr]S\u00e9rie #: H0462970 Grade: EF D\u00e9nomination: $0.35 Voir l&#8217;image pour examiner le billet que vous ach\u00e8terez![:]<\/p>\n","protected":false},"featured_media":24152,"template":"","meta":[],"product_brand":[],"product_cat":[327],"product_tag":[],"class_list":{"0":"post-24151","1":"product","2":"type-product","3":"status-publish","4":"has-post-thumbnail","6":"product_cat-ctc-7-35-notes-2","9":"first","10":"instock","11":"shipping-taxable","12":"purchasable","13":"product-type-simple"},"_links":{"self":[{"href":"https:\/\/ctccollector.ca\/store\/wp-json\/wp\/v2\/product\/24151","targetHints":{"allow":["GET"]}}],"collection":[{"href":"https:\/\/ctccollector.ca\/store\/wp-json\/wp\/v2\/product"}],"about":[{"href":"https:\/\/ctccollector.ca\/store\/wp-json\/wp\/v2\/types\/product"}],"wp:featuredmedia":[{"embeddable":true,"href":"https:\/\/ctccollector.ca\/store\/wp-json\/wp\/v2\/media\/24152"}],"wp:attachment":[{"href":"https:\/\/ctccollector.ca\/store\/wp-json\/wp\/v2\/media?parent=24151"}],"wp:term":[{"taxonomy":"product_brand","embeddable":true,"href":"https:\/\/ctccollector.ca\/store\/wp-json\/wp\/v2\/product_brand?post=24151"},{"taxonomy":"product_cat","embeddable":true,"href":"https:\/\/ctccollector.ca\/store\/wp-json\/wp\/v2\/product_cat?post=24151"},{"taxonomy":"product_tag","embeddable":true,"href":"https:\/\/ctccollector.ca\/store\/wp-json\/wp\/v2\/product_tag?post=24151"}],"curies":[{"name":"wp","href":"https:\/\/api.w.org\/{rel}","templated":true}]}}