{"id":24476,"date":"2019-01-07T12:55:46","date_gmt":"2019-01-07T17:55:46","guid":{"rendered":"https:\/\/ctccollector.ca\/store\/?post_type=product&#038;p=24476"},"modified":"2021-03-16T10:32:26","modified_gmt":"2021-03-16T14:32:26","slug":"ctc-money-wrapper-circa-1996","status":"publish","type":"product","link":"https:\/\/ctccollector.ca\/store\/shop\/ctc-money-wrapper-circa-1996\/","title":{"rendered":"[:en]CTC Money Wrapper &#8211; circa 1996[:fr]Bande pour papier monnaie CTC &#8211; environ 1996[:]"},"content":{"rendered":"<p>[:en]This CTC money wrapper was used for the CTC S26 series that was printed by British American Bank Note in 1996.\u00a0 Each wrapper was used to wrap 100 notes that were then bundled in packs of 500 notes with a 1\/4 inch plastic strap before being wrapped in shrink-wrap that was also identified CTC.\u00a0\u00a0The bundle of 500 notes is not included in this price, it is for illustration purposes only.[:fr]Cette bande identifi\u00e9e CTC \u00e9tait utilis\u00e9e pour la s\u00e9rie CTC S26 imprim\u00e9e par British American Bank Note en 1996. Chaque bande \u00e9tait utilis\u00e9e pour emballer 100 billets, qui \u00e9taient ensuite emball\u00e9s dans des paquets de 500 billets avec une courroie en plastique de 1\/4 de pouce et ensuite emballer en film r\u00e9tractable qui \u00e9tait aussi identifi\u00e9 CTC. Le paquet de 500 billets n&#8217;est pas inclus dans ce prix, il est pour illustration d&#8217;utilit\u00e9 seulement.[:]<\/p>\n","protected":false},"excerpt":{"rendered":"<p>[:en]This CTC money wrapper was used for the CTC S26 series that was printed by British American Bank Note in 1996.\u00a0 Each wrapper was used to wrap 100 notes that were then bundled in packs of 500 notes with a 1\/4 inch plastic strap before being wrapped in shrink-wrap that was also identified CTC.\u00a0\u00a0The bundle &hellip; <a href=\"https:\/\/ctccollector.ca\/store\/shop\/ctc-money-wrapper-circa-1996\/\" class=\"more-link\">Continue reading <span class=\"screen-reader-text\">[:en]CTC Money Wrapper &#8211; circa 1996[:fr]Bande pour papier monnaie CTC &#8211; environ 1996[:]<\/span> <span class=\"meta-nav\">&rarr;<\/span><\/a><\/p>\n","protected":false},"featured_media":26176,"template":"","meta":[],"product_brand":[],"product_cat":[223],"product_tag":[],"class_list":{"0":"post-24476","1":"product","2":"type-product","3":"status-publish","4":"has-post-thumbnail","6":"product_cat-other-2","9":"first","10":"instock","11":"shipping-taxable","12":"purchasable","13":"product-type-simple"},"_links":{"self":[{"href":"https:\/\/ctccollector.ca\/store\/wp-json\/wp\/v2\/product\/24476","targetHints":{"allow":["GET"]}}],"collection":[{"href":"https:\/\/ctccollector.ca\/store\/wp-json\/wp\/v2\/product"}],"about":[{"href":"https:\/\/ctccollector.ca\/store\/wp-json\/wp\/v2\/types\/product"}],"wp:featuredmedia":[{"embeddable":true,"href":"https:\/\/ctccollector.ca\/store\/wp-json\/wp\/v2\/media\/26176"}],"wp:attachment":[{"href":"https:\/\/ctccollector.ca\/store\/wp-json\/wp\/v2\/media?parent=24476"}],"wp:term":[{"taxonomy":"product_brand","embeddable":true,"href":"https:\/\/ctccollector.ca\/store\/wp-json\/wp\/v2\/product_brand?post=24476"},{"taxonomy":"product_cat","embeddable":true,"href":"https:\/\/ctccollector.ca\/store\/wp-json\/wp\/v2\/product_cat?post=24476"},{"taxonomy":"product_tag","embeddable":true,"href":"https:\/\/ctccollector.ca\/store\/wp-json\/wp\/v2\/product_tag?post=24476"}],"curies":[{"name":"wp","href":"https:\/\/api.w.org\/{rel}","templated":true}]}}