{"id":24654,"date":"2019-02-01T12:58:31","date_gmt":"2019-02-01T17:58:31","guid":{"rendered":"https:\/\/ctccollector.ca\/store\/?post_type=product&#038;p=24654"},"modified":"2020-05-03T13:06:46","modified_gmt":"2020-05-03T17:06:46","slug":"ctc-s11-g-t-t0900042-unc","status":"publish","type":"product","link":"https:\/\/ctccollector.ca\/store\/shop\/ctc-s11-g-t-t0900042-unc\/","title":{"rendered":"CTC S11-G-T &#8211; T0900042 &#8211; UNC"},"content":{"rendered":"<p>[:en]<\/p>\n<p class=\"p1\">Notes from T0900000 to T3067000 were destroyed, eight hundred extra $2.00 from the destroyed batch were saved and given to dignitaries.<\/p>\n<p class=\"p1\">From T0900001 to T0900400 and from T3069601 to T3070000.<\/p>\n<p>Check out the image, this will be the actual note you are purchasing!<\/p>\n<p>&nbsp;[:fr]<\/p>\n<p class=\"p1\">Les billets de T0900001 \u00e0 T3067000 ont \u00e9t\u00e9 d\u00e9truites. Huit cent billets de $2.00 du lot d\u00e9truit ont \u00e9t\u00e9 sauv\u00e9s et remis aux dignitaires.<\/p>\n<p class=\"p1\">De T0900001 \u00e0 T0900400 et de T3069601 \u00e0 T3070000.<\/p>\n<p>Voir l&#8217;image pour examiner le billet que vous ach\u00e8terez![:]<\/p>\n","protected":false},"excerpt":{"rendered":"<p>[:en] Notes from T0900000 to T3067000 were destroyed, eight hundred extra $2.00 from the destroyed batch were saved and given to dignitaries. From T0900001 to T0900400 and from T3069601 to T3070000. Check out the image, this will be the actual note you are purchasing! &nbsp;[:fr] Les billets de T0900001 \u00e0 T3067000 ont \u00e9t\u00e9 d\u00e9truites. Huit &hellip; <a href=\"https:\/\/ctccollector.ca\/store\/shop\/ctc-s11-g-t-t0900042-unc\/\" class=\"more-link\">Continue reading <span class=\"screen-reader-text\">CTC S11-G-T &#8211; T0900042 &#8211; UNC<\/span> <span class=\"meta-nav\">&rarr;<\/span><\/a><\/p>\n","protected":false},"featured_media":24655,"template":"","meta":[],"product_brand":[],"product_cat":[561],"product_tag":[],"class_list":{"0":"post-24654","1":"product","2":"type-product","3":"status-publish","4":"has-post-thumbnail","6":"product_cat-ctc-s11-2-00-notes","9":"first","10":"instock","11":"shipping-taxable","12":"purchasable","13":"product-type-simple"},"_links":{"self":[{"href":"https:\/\/ctccollector.ca\/store\/wp-json\/wp\/v2\/product\/24654","targetHints":{"allow":["GET"]}}],"collection":[{"href":"https:\/\/ctccollector.ca\/store\/wp-json\/wp\/v2\/product"}],"about":[{"href":"https:\/\/ctccollector.ca\/store\/wp-json\/wp\/v2\/types\/product"}],"wp:featuredmedia":[{"embeddable":true,"href":"https:\/\/ctccollector.ca\/store\/wp-json\/wp\/v2\/media\/24655"}],"wp:attachment":[{"href":"https:\/\/ctccollector.ca\/store\/wp-json\/wp\/v2\/media?parent=24654"}],"wp:term":[{"taxonomy":"product_brand","embeddable":true,"href":"https:\/\/ctccollector.ca\/store\/wp-json\/wp\/v2\/product_brand?post=24654"},{"taxonomy":"product_cat","embeddable":true,"href":"https:\/\/ctccollector.ca\/store\/wp-json\/wp\/v2\/product_cat?post=24654"},{"taxonomy":"product_tag","embeddable":true,"href":"https:\/\/ctccollector.ca\/store\/wp-json\/wp\/v2\/product_tag?post=24654"}],"curies":[{"name":"wp","href":"https:\/\/api.w.org\/{rel}","templated":true}]}}