{"id":25244,"date":"2019-04-28T13:55:38","date_gmt":"2019-04-28T17:55:38","guid":{"rendered":"https:\/\/ctccollector.ca\/store\/?post_type=product&#038;p=25244"},"modified":"2019-04-28T13:56:18","modified_gmt":"2019-04-28T17:56:18","slug":"ctc-g02-c1-fine-4","status":"publish","type":"product","link":"https:\/\/ctccollector.ca\/store\/shop\/ctc-g02-c1-fine-4\/","title":{"rendered":"CTC G02-C1 &#8211;  Fine"},"content":{"rendered":"<p>[:en]Serial #: none<\/p>\n<p>Grade: FINE<\/p>\n<p>Denomination: $0.03<\/p>\n<p>With MorPower<\/p>\n<p>Check the image for actual note![:fr]Num\u00e9ro de s\u00e9rie : aucun<\/p>\n<p>Grade: FINE<\/p>\n<p>D\u00e9nomination: $0.03<\/p>\n<p>Avec MorPower<\/p>\n<p>Voir l&#8217;image pour le billet que vous achetez![:]<\/p>\n","protected":false},"excerpt":{"rendered":"<p>[:en]Serial #: none Grade: FINE Denomination: $0.03 With MorPower Check the image for actual note![:fr]Num\u00e9ro de s\u00e9rie : aucun Grade: FINE D\u00e9nomination: $0.03 Avec MorPower Voir l&#8217;image pour le billet que vous achetez![:]<\/p>\n","protected":false},"featured_media":25245,"template":"","meta":[],"product_brand":[],"product_cat":[577],"product_tag":[],"class_list":{"0":"post-25244","1":"product","2":"type-product","3":"status-publish","4":"has-post-thumbnail","6":"product_cat-no-serial-with-mor-power","9":"first","10":"instock","11":"shipping-taxable","12":"purchasable","13":"product-type-simple"},"_links":{"self":[{"href":"https:\/\/ctccollector.ca\/store\/wp-json\/wp\/v2\/product\/25244","targetHints":{"allow":["GET"]}}],"collection":[{"href":"https:\/\/ctccollector.ca\/store\/wp-json\/wp\/v2\/product"}],"about":[{"href":"https:\/\/ctccollector.ca\/store\/wp-json\/wp\/v2\/types\/product"}],"wp:featuredmedia":[{"embeddable":true,"href":"https:\/\/ctccollector.ca\/store\/wp-json\/wp\/v2\/media\/25245"}],"wp:attachment":[{"href":"https:\/\/ctccollector.ca\/store\/wp-json\/wp\/v2\/media?parent=25244"}],"wp:term":[{"taxonomy":"product_brand","embeddable":true,"href":"https:\/\/ctccollector.ca\/store\/wp-json\/wp\/v2\/product_brand?post=25244"},{"taxonomy":"product_cat","embeddable":true,"href":"https:\/\/ctccollector.ca\/store\/wp-json\/wp\/v2\/product_cat?post=25244"},{"taxonomy":"product_tag","embeddable":true,"href":"https:\/\/ctccollector.ca\/store\/wp-json\/wp\/v2\/product_tag?post=25244"}],"curies":[{"name":"wp","href":"https:\/\/api.w.org\/{rel}","templated":true}]}}