{"id":25250,"date":"2019-04-28T13:59:46","date_gmt":"2019-04-28T17:59:46","guid":{"rendered":"https:\/\/ctccollector.ca\/store\/?post_type=product&#038;p=25250"},"modified":"2025-03-07T22:01:36","modified_gmt":"2025-03-08T03:01:36","slug":"ctc-g02-c1-vf-4","status":"publish","type":"product","link":"https:\/\/ctccollector.ca\/store\/shop\/ctc-g02-c1-vf-4\/","title":{"rendered":"CTC G02-C1 &#8211;  VF"},"content":{"rendered":"<p>[:en]Serial #: none<\/p>\n<p>Grade: VF<\/p>\n<p>Denomination: $0.03<\/p>\n<p>With MorPower[:fr]Num\u00e9ro de s\u00e9rie : aucun<\/p>\n<p>Grade: VF<\/p>\n<p>D\u00e9nomination: $0.03<\/p>\n<p>Avec MorPower[:]<\/p>\n","protected":false},"excerpt":{"rendered":"<p>[:en]Serial #: none Grade: VF Denomination: $0.03 With MorPower[:fr]Num\u00e9ro de s\u00e9rie : aucun Grade: VF D\u00e9nomination: $0.03 Avec MorPower[:]<\/p>\n","protected":false},"featured_media":25251,"template":"","meta":[],"product_brand":[],"product_cat":[577],"product_tag":[],"class_list":{"0":"post-25250","1":"product","2":"type-product","3":"status-publish","4":"has-post-thumbnail","6":"product_cat-no-serial-with-mor-power","9":"first","10":"outofstock","11":"shipping-taxable","12":"purchasable","13":"product-type-simple"},"_links":{"self":[{"href":"https:\/\/ctccollector.ca\/store\/wp-json\/wp\/v2\/product\/25250","targetHints":{"allow":["GET"]}}],"collection":[{"href":"https:\/\/ctccollector.ca\/store\/wp-json\/wp\/v2\/product"}],"about":[{"href":"https:\/\/ctccollector.ca\/store\/wp-json\/wp\/v2\/types\/product"}],"wp:featuredmedia":[{"embeddable":true,"href":"https:\/\/ctccollector.ca\/store\/wp-json\/wp\/v2\/media\/25251"}],"wp:attachment":[{"href":"https:\/\/ctccollector.ca\/store\/wp-json\/wp\/v2\/media?parent=25250"}],"wp:term":[{"taxonomy":"product_brand","embeddable":true,"href":"https:\/\/ctccollector.ca\/store\/wp-json\/wp\/v2\/product_brand?post=25250"},{"taxonomy":"product_cat","embeddable":true,"href":"https:\/\/ctccollector.ca\/store\/wp-json\/wp\/v2\/product_cat?post=25250"},{"taxonomy":"product_tag","embeddable":true,"href":"https:\/\/ctccollector.ca\/store\/wp-json\/wp\/v2\/product_tag?post=25250"}],"curies":[{"name":"wp","href":"https:\/\/api.w.org\/{rel}","templated":true}]}}