{"id":25271,"date":"2019-05-07T19:10:48","date_gmt":"2019-05-07T23:10:48","guid":{"rendered":"https:\/\/ctccollector.ca\/store\/?post_type=product&#038;p=25271"},"modified":"2022-06-16T08:57:28","modified_gmt":"2022-06-16T12:57:28","slug":"fa06-025-09-type-083-2410-1118-76915","status":"publish","type":"product","link":"https:\/\/ctccollector.ca\/store\/shop\/fa06-025-09-type-083-2410-1118-76915\/","title":{"rendered":"FA06-025-09-Type 083-2410-1118 &#8211; 76915"},"content":{"rendered":"<p>[:en]Fixed Amount Series 6<\/p>\n<p>$25.00 Bicycle Wheel<\/p>\n<p>Used, no value on card<\/p>\n<p>2410 &#8211; Card #76915<\/p>\n<p>Date 11-2018[:fr]Montant Fixe s\u00e9ries 6<\/p>\n<p>$25.00 Roue de v\u00e9lo<\/p>\n<p>Utilis\u00e9e, aucun valeur sur la carte<\/p>\n<p>2410 -Carte #76915<\/p>\n<p>Date 11-2018[:]<\/p>\n","protected":false},"excerpt":{"rendered":"<p>[:en]Fixed Amount Series 6 $25.00 Bicycle Wheel Used, no value on card 2410 &#8211; Card #76915 Date 11-2018[:fr]Montant Fixe s\u00e9ries 6 $25.00 Roue de v\u00e9lo Utilis\u00e9e, aucun valeur sur la carte 2410 -Carte #76915 Date 11-2018[:]<\/p>\n","protected":false},"featured_media":25272,"template":"","meta":[],"product_brand":[],"product_cat":[847],"product_tag":[],"class_list":{"0":"post-25271","1":"product","2":"type-product","3":"status-publish","4":"has-post-thumbnail","6":"product_cat-fa06-025","9":"first","10":"instock","11":"shipping-taxable","12":"purchasable","13":"product-type-simple"},"_links":{"self":[{"href":"https:\/\/ctccollector.ca\/store\/wp-json\/wp\/v2\/product\/25271","targetHints":{"allow":["GET"]}}],"collection":[{"href":"https:\/\/ctccollector.ca\/store\/wp-json\/wp\/v2\/product"}],"about":[{"href":"https:\/\/ctccollector.ca\/store\/wp-json\/wp\/v2\/types\/product"}],"wp:featuredmedia":[{"embeddable":true,"href":"https:\/\/ctccollector.ca\/store\/wp-json\/wp\/v2\/media\/25272"}],"wp:attachment":[{"href":"https:\/\/ctccollector.ca\/store\/wp-json\/wp\/v2\/media?parent=25271"}],"wp:term":[{"taxonomy":"product_brand","embeddable":true,"href":"https:\/\/ctccollector.ca\/store\/wp-json\/wp\/v2\/product_brand?post=25271"},{"taxonomy":"product_cat","embeddable":true,"href":"https:\/\/ctccollector.ca\/store\/wp-json\/wp\/v2\/product_cat?post=25271"},{"taxonomy":"product_tag","embeddable":true,"href":"https:\/\/ctccollector.ca\/store\/wp-json\/wp\/v2\/product_tag?post=25271"}],"curies":[{"name":"wp","href":"https:\/\/api.w.org\/{rel}","templated":true}]}}