{"id":25325,"date":"2019-05-28T11:05:54","date_gmt":"2019-05-28T15:05:54","guid":{"rendered":"https:\/\/ctccollector.ca\/store\/?post_type=product&#038;p=25325"},"modified":"2021-09-22T13:54:52","modified_gmt":"2021-09-22T17:54:52","slug":"ctc-s32-c18-04-0484960545-unc-pale-green-leaf","status":"publish","type":"product","link":"https:\/\/ctccollector.ca\/store\/shop\/ctc-s32-c18-04-0484960545-unc-pale-green-leaf\/","title":{"rendered":"[:en]CTC S32-C18-04 &#8211; 0484960545 &#8211; UNC &#8211; Pale green leaf[:fr]CTC S32-C18-04 &#8211; 0484960545 &#8211; UNC &#8211; Feuille p\u00e2le[:]"},"content":{"rendered":"<p>[:en]Two consecutive notes, one regular and one pale.<\/p>\n<p>Nice clean crisp note.<\/p>\n<p>Check out the image to see the note you will receive![:fr]Deux billets cons\u00e9cutives, une r\u00e9guli\u00e8re et une p\u00e2le.<\/p>\n<p>Beau billet crisp, propre et clair.<\/p>\n<p>Voir l&#8217;image pour le billet que vous recevrez![:]<\/p>\n","protected":false},"excerpt":{"rendered":"<p>[:en]Two consecutive notes, one regular and one pale. Nice clean crisp note. Check out the image to see the note you will receive![:fr]Deux billets cons\u00e9cutives, une r\u00e9guli\u00e8re et une p\u00e2le. Beau billet crisp, propre et clair. Voir l&#8217;image pour le billet que vous recevrez![:]<\/p>\n","protected":false},"featured_media":25326,"template":"","meta":[],"product_brand":[],"product_cat":[990,700],"product_tag":[],"class_list":{"0":"post-25325","1":"product","2":"type-product","3":"status-publish","4":"has-post-thumbnail","6":"product_cat-back-varieties","7":"product_cat-ctc-s32-10-varieties-2","10":"first","11":"instock","12":"shipping-taxable","13":"purchasable","14":"product-type-simple"},"_links":{"self":[{"href":"https:\/\/ctccollector.ca\/store\/wp-json\/wp\/v2\/product\/25325","targetHints":{"allow":["GET"]}}],"collection":[{"href":"https:\/\/ctccollector.ca\/store\/wp-json\/wp\/v2\/product"}],"about":[{"href":"https:\/\/ctccollector.ca\/store\/wp-json\/wp\/v2\/types\/product"}],"wp:featuredmedia":[{"embeddable":true,"href":"https:\/\/ctccollector.ca\/store\/wp-json\/wp\/v2\/media\/25326"}],"wp:attachment":[{"href":"https:\/\/ctccollector.ca\/store\/wp-json\/wp\/v2\/media?parent=25325"}],"wp:term":[{"taxonomy":"product_brand","embeddable":true,"href":"https:\/\/ctccollector.ca\/store\/wp-json\/wp\/v2\/product_brand?post=25325"},{"taxonomy":"product_cat","embeddable":true,"href":"https:\/\/ctccollector.ca\/store\/wp-json\/wp\/v2\/product_cat?post=25325"},{"taxonomy":"product_tag","embeddable":true,"href":"https:\/\/ctccollector.ca\/store\/wp-json\/wp\/v2\/product_tag?post=25325"}],"curies":[{"name":"wp","href":"https:\/\/api.w.org\/{rel}","templated":true}]}}