{"id":25431,"date":"2019-06-14T09:24:29","date_gmt":"2019-06-14T13:24:29","guid":{"rendered":"https:\/\/ctccollector.ca\/store\/?post_type=product&#038;p=25431"},"modified":"2022-08-26T15:40:33","modified_gmt":"2022-08-26T19:40:33","slug":"fa04-f-010-02-type-024-2406-0818-4013201","status":"publish","type":"product","link":"https:\/\/ctccollector.ca\/store\/shop\/fa04-f-010-02-type-024-2406-0818-4013201\/","title":{"rendered":"FA04-F-010-02-Type 024-2406-0818 &#8211; 4013201"},"content":{"rendered":"<p>[:en]Fixed Amount Series 4 -Corporate Issue<\/p>\n<p>$10.00 Heritage series<\/p>\n<p>Used, no value on card<\/p>\n<p>2406 &#8211;\u00a0Card #4013201<\/p>\n<p>Date 08-2018[:fr]Montant Fixe s\u00e9ries 4 -\u00c9mission corporatif<\/p>\n<p>$10.00 s\u00e9rie Heritage<\/p>\n<p>Utilis\u00e9e, aucun valeur sur la carte<\/p>\n<p>2406 &#8211; Carte #4013201<\/p>\n<p>Date 08-2018[:]<\/p>\n","protected":false},"excerpt":{"rendered":"<p>[:en]Fixed Amount Series 4 -Corporate Issue $10.00 Heritage series Used, no value on card 2406 &#8211;\u00a0Card #4013201 Date 08-2018[:fr]Montant Fixe s\u00e9ries 4 -\u00c9mission corporatif $10.00 s\u00e9rie Heritage Utilis\u00e9e, aucun valeur sur la carte 2406 &#8211; Carte #4013201 Date 08-2018[:]<\/p>\n","protected":false},"featured_media":25432,"template":"","meta":[],"product_brand":[],"product_cat":[754],"product_tag":[],"class_list":{"0":"post-25431","1":"product","2":"type-product","3":"status-publish","4":"has-post-thumbnail","6":"product_cat-fa04-010","9":"first","10":"instock","11":"shipping-taxable","12":"purchasable","13":"product-type-simple"},"_links":{"self":[{"href":"https:\/\/ctccollector.ca\/store\/wp-json\/wp\/v2\/product\/25431","targetHints":{"allow":["GET"]}}],"collection":[{"href":"https:\/\/ctccollector.ca\/store\/wp-json\/wp\/v2\/product"}],"about":[{"href":"https:\/\/ctccollector.ca\/store\/wp-json\/wp\/v2\/types\/product"}],"wp:featuredmedia":[{"embeddable":true,"href":"https:\/\/ctccollector.ca\/store\/wp-json\/wp\/v2\/media\/25432"}],"wp:attachment":[{"href":"https:\/\/ctccollector.ca\/store\/wp-json\/wp\/v2\/media?parent=25431"}],"wp:term":[{"taxonomy":"product_brand","embeddable":true,"href":"https:\/\/ctccollector.ca\/store\/wp-json\/wp\/v2\/product_brand?post=25431"},{"taxonomy":"product_cat","embeddable":true,"href":"https:\/\/ctccollector.ca\/store\/wp-json\/wp\/v2\/product_cat?post=25431"},{"taxonomy":"product_tag","embeddable":true,"href":"https:\/\/ctccollector.ca\/store\/wp-json\/wp\/v2\/product_tag?post=25431"}],"curies":[{"name":"wp","href":"https:\/\/api.w.org\/{rel}","templated":true}]}}