{"id":26159,"date":"2019-10-11T13:56:01","date_gmt":"2019-10-11T17:56:01","guid":{"rendered":"https:\/\/ctccollector.ca\/store\/?post_type=product&#038;p=26159"},"modified":"2021-02-06T13:36:50","modified_gmt":"2021-02-06T18:36:50","slug":"ctc-s32-b18-05-0561006899-unc-well-centred","status":"publish","type":"product","link":"https:\/\/ctccollector.ca\/store\/shop\/ctc-s32-b18-05-0561006899-unc-well-centred\/","title":{"rendered":"[:en]CTC S32-B18-05 &#8211; 0561006899 &#8211;  UNC &#8211; Well centred[:fr]CTC S32-B18-05 &#8211; 0561006899 &#8211;  UNC &#8211; Bien centr\u00e9[:]"},"content":{"rendered":"<p>[:en]2018 Plate Date.\u00a0 Superb crisp well centred note, serial number will be the same as the image.[:fr]&nbsp;<\/p>\n<p>Date de la plaque 2018. billet superbe, bien centr\u00e9, num\u00e9ro de s\u00e9rie tel que d\u00e9montr\u00e9.[:]<\/p>\n","protected":false},"excerpt":{"rendered":"<p>[:en]2018 Plate Date.\u00a0 Superb crisp well centred note, serial number will be the same as the image.[:fr]&nbsp; Date de la plaque 2018. billet superbe, bien centr\u00e9, num\u00e9ro de s\u00e9rie tel que d\u00e9montr\u00e9.[:]<\/p>\n","protected":false},"featured_media":26160,"template":"","meta":[],"product_brand":[],"product_cat":[696],"product_tag":[],"class_list":{"0":"post-26159","1":"product","2":"type-product","3":"status-publish","4":"has-post-thumbnail","6":"product_cat-5-coupons","9":"first","10":"instock","11":"shipping-taxable","12":"purchasable","13":"product-type-simple"},"_links":{"self":[{"href":"https:\/\/ctccollector.ca\/store\/wp-json\/wp\/v2\/product\/26159","targetHints":{"allow":["GET"]}}],"collection":[{"href":"https:\/\/ctccollector.ca\/store\/wp-json\/wp\/v2\/product"}],"about":[{"href":"https:\/\/ctccollector.ca\/store\/wp-json\/wp\/v2\/types\/product"}],"wp:featuredmedia":[{"embeddable":true,"href":"https:\/\/ctccollector.ca\/store\/wp-json\/wp\/v2\/media\/26160"}],"wp:attachment":[{"href":"https:\/\/ctccollector.ca\/store\/wp-json\/wp\/v2\/media?parent=26159"}],"wp:term":[{"taxonomy":"product_brand","embeddable":true,"href":"https:\/\/ctccollector.ca\/store\/wp-json\/wp\/v2\/product_brand?post=26159"},{"taxonomy":"product_cat","embeddable":true,"href":"https:\/\/ctccollector.ca\/store\/wp-json\/wp\/v2\/product_cat?post=26159"},{"taxonomy":"product_tag","embeddable":true,"href":"https:\/\/ctccollector.ca\/store\/wp-json\/wp\/v2\/product_tag?post=26159"}],"curies":[{"name":"wp","href":"https:\/\/api.w.org\/{rel}","templated":true}]}}