{"id":26165,"date":"2019-10-17T14:28:56","date_gmt":"2019-10-17T18:28:56","guid":{"rendered":"https:\/\/ctccollector.ca\/store\/?post_type=product&#038;p=26165"},"modified":"2020-08-24T10:46:59","modified_gmt":"2020-08-24T14:46:59","slug":"vnr-fl-03-type-238-2464-0519-70118b","status":"publish","type":"product","link":"https:\/\/ctccollector.ca\/store\/shop\/vnr-fl-03-type-238-2464-0519-70118b\/","title":{"rendered":"VNR-FL-03-Type 238 &#8211; 2464-0519-70118B"},"content":{"rendered":"<p>[:en]Variable Amount Non-Reloadable<br \/>\nFishing Lures<\/p>\n<p>Used, no value on card<br \/>\n2464 &#8211;<br \/>\nCard #70118B<\/p>\n<p>Date 05-2019[:fr]Montant variable non-rechargeable<br \/>\nLeurres \u00e0 p\u00eache<\/p>\n<p>Utilis\u00e9e, aucun valeur sur la carte<br \/>\n2464 &#8211;<br \/>\nCarte #70118B<\/p>\n<p>Date 05-2019[:]<\/p>\n","protected":false},"excerpt":{"rendered":"<p>[:en]Variable Amount Non-Reloadable Fishing Lures Used, no value on card 2464 &#8211; Card #70118B Date 05-2019[:fr]Montant variable non-rechargeable Leurres \u00e0 p\u00eache Utilis\u00e9e, aucun valeur sur la carte 2464 &#8211; Carte #70118B Date 05-2019[:]<\/p>\n","protected":false},"featured_media":26166,"template":"","meta":[],"product_brand":[],"product_cat":[819],"product_tag":[],"class_list":{"0":"post-26165","1":"product","2":"type-product","3":"status-publish","4":"has-post-thumbnail","6":"product_cat-vnr-fl","9":"first","10":"instock","11":"shipping-taxable","12":"purchasable","13":"product-type-simple"},"_links":{"self":[{"href":"https:\/\/ctccollector.ca\/store\/wp-json\/wp\/v2\/product\/26165","targetHints":{"allow":["GET"]}}],"collection":[{"href":"https:\/\/ctccollector.ca\/store\/wp-json\/wp\/v2\/product"}],"about":[{"href":"https:\/\/ctccollector.ca\/store\/wp-json\/wp\/v2\/types\/product"}],"wp:featuredmedia":[{"embeddable":true,"href":"https:\/\/ctccollector.ca\/store\/wp-json\/wp\/v2\/media\/26166"}],"wp:attachment":[{"href":"https:\/\/ctccollector.ca\/store\/wp-json\/wp\/v2\/media?parent=26165"}],"wp:term":[{"taxonomy":"product_brand","embeddable":true,"href":"https:\/\/ctccollector.ca\/store\/wp-json\/wp\/v2\/product_brand?post=26165"},{"taxonomy":"product_cat","embeddable":true,"href":"https:\/\/ctccollector.ca\/store\/wp-json\/wp\/v2\/product_cat?post=26165"},{"taxonomy":"product_tag","embeddable":true,"href":"https:\/\/ctccollector.ca\/store\/wp-json\/wp\/v2\/product_tag?post=26165"}],"curies":[{"name":"wp","href":"https:\/\/api.w.org\/{rel}","templated":true}]}}