{"id":26338,"date":"2019-12-16T16:40:32","date_gmt":"2019-12-16T21:40:32","guid":{"rendered":"https:\/\/ctccollector.ca\/store\/?post_type=product&#038;p=26338"},"modified":"2021-10-03T12:00:39","modified_gmt":"2021-10-03T16:00:39","slug":"fa01-010-10-type-014-2400-1006-6855886-double-spaced","status":"publish","type":"product","link":"https:\/\/ctccollector.ca\/store\/shop\/fa01-010-10-type-014-2400-1006-6855886-double-spaced\/","title":{"rendered":"[:en]FA01-010-10-Type 014-2400-1006 &#8211; 6855886 &#8211; double spaced[:fr]FA01-010-10-Type 014-2400-1006- 6855886 &#8211; espacement double[:]"},"content":{"rendered":"<p>[:en]Fixed Amount Series 1<\/p>\n<p>$10.00 Father and Son Repairing a Bicycle<\/p>\n<p>Used, no value on card<\/p>\n<p>2400 &#8211; 53mm Double Spaced<\/p>\n<p>Card #6855886<\/p>\n<p>Date 10-2006[:fr]Montant Fixe s\u00e9ries 1<\/p>\n<p>$10.00 P\u00e8re et fils r\u00e9parant une bicyclette<\/p>\n<p>Utilis\u00e9e, aucun valeur sur la carte<\/p>\n<p>2400 &#8211; 53mm Espacement double<\/p>\n<p>Carte #6855886<\/p>\n<p>Date 10-2006[:]<\/p>\n","protected":false},"excerpt":{"rendered":"<p>[:en]Fixed Amount Series 1 $10.00 Father and Son Repairing a Bicycle Used, no value on card 2400 &#8211; 53mm Double Spaced Card #6855886 Date 10-2006[:fr]Montant Fixe s\u00e9ries 1 $10.00 P\u00e8re et fils r\u00e9parant une bicyclette Utilis\u00e9e, aucun valeur sur la carte 2400 &#8211; 53mm Espacement double Carte #6855886 Date 10-2006[:]<\/p>\n","protected":false},"featured_media":26339,"template":"","meta":[],"product_brand":[],"product_cat":[742],"product_tag":[],"class_list":{"0":"post-26338","1":"product","2":"type-product","3":"status-publish","4":"has-post-thumbnail","6":"product_cat-fa01-010","9":"first","10":"instock","11":"shipping-taxable","12":"purchasable","13":"product-type-simple"},"_links":{"self":[{"href":"https:\/\/ctccollector.ca\/store\/wp-json\/wp\/v2\/product\/26338","targetHints":{"allow":["GET"]}}],"collection":[{"href":"https:\/\/ctccollector.ca\/store\/wp-json\/wp\/v2\/product"}],"about":[{"href":"https:\/\/ctccollector.ca\/store\/wp-json\/wp\/v2\/types\/product"}],"wp:featuredmedia":[{"embeddable":true,"href":"https:\/\/ctccollector.ca\/store\/wp-json\/wp\/v2\/media\/26339"}],"wp:attachment":[{"href":"https:\/\/ctccollector.ca\/store\/wp-json\/wp\/v2\/media?parent=26338"}],"wp:term":[{"taxonomy":"product_brand","embeddable":true,"href":"https:\/\/ctccollector.ca\/store\/wp-json\/wp\/v2\/product_brand?post=26338"},{"taxonomy":"product_cat","embeddable":true,"href":"https:\/\/ctccollector.ca\/store\/wp-json\/wp\/v2\/product_cat?post=26338"},{"taxonomy":"product_tag","embeddable":true,"href":"https:\/\/ctccollector.ca\/store\/wp-json\/wp\/v2\/product_tag?post=26338"}],"curies":[{"name":"wp","href":"https:\/\/api.w.org\/{rel}","templated":true}]}}