{"id":26348,"date":"2019-12-18T11:25:39","date_gmt":"2019-12-18T16:25:39","guid":{"rendered":"https:\/\/ctccollector.ca\/store\/?post_type=product&#038;p=26348"},"modified":"2021-01-13T09:55:52","modified_gmt":"2021-01-13T14:55:52","slug":"fa01-050-04-type-010-2403-0704","status":"publish","type":"product","link":"https:\/\/ctccollector.ca\/store\/shop\/fa01-050-04-type-010-2403-0704\/","title":{"rendered":"FA01-050-04-Type 010-2403-0704"},"content":{"rendered":"<p>[:en]Fixed Amount Series 1<br \/>\n$50.00 Roller Skating<\/p>\n<p>Used, no value on card<br \/>\n2403<\/p>\n<p>Date 07-2004[:fr]Montant Fixe s\u00e9ries 1<br \/>\n$50.00 En patin \u00e0 roulettes<\/p>\n<p>Utilis\u00e9e, aucun valeur sur la carte<br \/>\n2403<\/p>\n<p>Date 07-2004[:]<\/p>\n","protected":false},"excerpt":{"rendered":"<p>[:en]Fixed Amount Series 1 $50.00 Roller Skating Used, no value on card 2403 Date 07-2004[:fr]Montant Fixe s\u00e9ries 1 $50.00 En patin \u00e0 roulettes Utilis\u00e9e, aucun valeur sur la carte 2403 Date 07-2004[:]<\/p>\n","protected":false},"featured_media":26349,"template":"","meta":[],"product_brand":[],"product_cat":[744],"product_tag":[],"class_list":{"0":"post-26348","1":"product","2":"type-product","3":"status-publish","4":"has-post-thumbnail","6":"product_cat-fa01-050","9":"first","10":"instock","11":"shipping-taxable","12":"purchasable","13":"product-type-simple"},"_links":{"self":[{"href":"https:\/\/ctccollector.ca\/store\/wp-json\/wp\/v2\/product\/26348","targetHints":{"allow":["GET"]}}],"collection":[{"href":"https:\/\/ctccollector.ca\/store\/wp-json\/wp\/v2\/product"}],"about":[{"href":"https:\/\/ctccollector.ca\/store\/wp-json\/wp\/v2\/types\/product"}],"wp:featuredmedia":[{"embeddable":true,"href":"https:\/\/ctccollector.ca\/store\/wp-json\/wp\/v2\/media\/26349"}],"wp:attachment":[{"href":"https:\/\/ctccollector.ca\/store\/wp-json\/wp\/v2\/media?parent=26348"}],"wp:term":[{"taxonomy":"product_brand","embeddable":true,"href":"https:\/\/ctccollector.ca\/store\/wp-json\/wp\/v2\/product_brand?post=26348"},{"taxonomy":"product_cat","embeddable":true,"href":"https:\/\/ctccollector.ca\/store\/wp-json\/wp\/v2\/product_cat?post=26348"},{"taxonomy":"product_tag","embeddable":true,"href":"https:\/\/ctccollector.ca\/store\/wp-json\/wp\/v2\/product_tag?post=26348"}],"curies":[{"name":"wp","href":"https:\/\/api.w.org\/{rel}","templated":true}]}}