{"id":26384,"date":"2019-12-20T15:49:03","date_gmt":"2019-12-20T20:49:03","guid":{"rendered":"https:\/\/ctccollector.ca\/store\/?post_type=product&#038;p=26384"},"modified":"2022-07-26T14:24:50","modified_gmt":"2022-07-26T18:24:50","slug":"fa13-050-03a-type-087-2417-81537-2","status":"publish","type":"product","link":"https:\/\/ctccollector.ca\/store\/shop\/fa13-050-03a-type-087-2417-81537-2\/","title":{"rendered":"FA13-050-03a-Type 087 &#8211; 2417-0919 &#8211; 81537-2"},"content":{"rendered":"<p>[:en]Fixed Amount Series 13<\/p>\n<p>$50.00 CTC Logo on Black with large numbers.<\/p>\n<p>Used, no value on card<\/p>\n<p>2417 &#8211; Card #81537-2[:fr]Montant Fixe s\u00e9ries 13<\/p>\n<p>$50.00 logo CTC sur fond noir avec grandes num\u00e9ros.<\/p>\n<p>Utilis\u00e9e, aucun valeur sur la carte<\/p>\n<p>2417 &#8211;\u00a0Carte #81537-2[:]<\/p>\n","protected":false},"excerpt":{"rendered":"<p>[:en]Fixed Amount Series 13 $50.00 CTC Logo on Black with large numbers. Used, no value on card 2417 &#8211; Card #81537-2[:fr]Montant Fixe s\u00e9ries 13 $50.00 logo CTC sur fond noir avec grandes num\u00e9ros. Utilis\u00e9e, aucun valeur sur la carte 2417 &#8211;\u00a0Carte #81537-2[:]<\/p>\n","protected":false},"featured_media":26385,"template":"","meta":[],"product_brand":[],"product_cat":[928],"product_tag":[],"class_list":{"0":"post-26384","1":"product","2":"type-product","3":"status-publish","4":"has-post-thumbnail","6":"product_cat-fixed-amount-fa13","9":"first","10":"instock","11":"shipping-taxable","12":"purchasable","13":"product-type-simple"},"_links":{"self":[{"href":"https:\/\/ctccollector.ca\/store\/wp-json\/wp\/v2\/product\/26384","targetHints":{"allow":["GET"]}}],"collection":[{"href":"https:\/\/ctccollector.ca\/store\/wp-json\/wp\/v2\/product"}],"about":[{"href":"https:\/\/ctccollector.ca\/store\/wp-json\/wp\/v2\/types\/product"}],"wp:featuredmedia":[{"embeddable":true,"href":"https:\/\/ctccollector.ca\/store\/wp-json\/wp\/v2\/media\/26385"}],"wp:attachment":[{"href":"https:\/\/ctccollector.ca\/store\/wp-json\/wp\/v2\/media?parent=26384"}],"wp:term":[{"taxonomy":"product_brand","embeddable":true,"href":"https:\/\/ctccollector.ca\/store\/wp-json\/wp\/v2\/product_brand?post=26384"},{"taxonomy":"product_cat","embeddable":true,"href":"https:\/\/ctccollector.ca\/store\/wp-json\/wp\/v2\/product_cat?post=26384"},{"taxonomy":"product_tag","embeddable":true,"href":"https:\/\/ctccollector.ca\/store\/wp-json\/wp\/v2\/product_tag?post=26384"}],"curies":[{"name":"wp","href":"https:\/\/api.w.org\/{rel}","templated":true}]}}