{"id":26396,"date":"2019-12-23T14:20:06","date_gmt":"2019-12-23T19:20:06","guid":{"rendered":"https:\/\/ctccollector.ca\/store\/?post_type=product&#038;p=26396"},"modified":"2021-02-06T13:14:36","modified_gmt":"2021-02-06T18:14:36","slug":"ctc-s32-b19-05-0563195600-699-new-2019-date","status":"publish","type":"product","link":"https:\/\/ctccollector.ca\/store\/shop\/ctc-s32-b19-05-0563195600-699-new-2019-date\/","title":{"rendered":"[:en]CTC S32-B19-05 &#8211; 0563195600-699 &#8211; New 2019 Date[:fr]CTC S32-B19-05 &#8211; 0563195600-699 &#8211; Nouvelle date 2019[:]"},"content":{"rendered":"<p>[:en]You will receive 100 new Uncirculated 2019 5\u00a2 notes from the S32 series, the only 2019 notes issued to date.<\/p>\n<p>The serial numbers will match the image.[:fr]Vous recevrez 100 nouveaux billets de 5\u00a2 &#8211; 2019 non circul\u00e9 de la s\u00e9rie S32, les seuls billets 2019 \u00e9mis \u00e0 ce jour.<\/p>\n<p>Les num\u00e9ros de s\u00e9ries sera comme l&#8217;image.[:]<\/p>\n","protected":false},"excerpt":{"rendered":"<p>[:en]You will receive 100 new Uncirculated 2019 5\u00a2 notes from the S32 series, the only 2019 notes issued to date. The serial numbers will match the image.[:fr]Vous recevrez 100 nouveaux billets de 5\u00a2 &#8211; 2019 non circul\u00e9 de la s\u00e9rie S32, les seuls billets 2019 \u00e9mis \u00e0 ce jour. Les num\u00e9ros de s\u00e9ries sera comme &hellip; <a href=\"https:\/\/ctccollector.ca\/store\/shop\/ctc-s32-b19-05-0563195600-699-new-2019-date\/\" class=\"more-link\">Continue reading <span class=\"screen-reader-text\">[:en]CTC S32-B19-05 &#8211; 0563195600-699 &#8211; New 2019 Date[:fr]CTC S32-B19-05 &#8211; 0563195600-699 &#8211; Nouvelle date 2019[:]<\/span> <span class=\"meta-nav\">&rarr;<\/span><\/a><\/p>\n","protected":false},"featured_media":26400,"template":"","meta":[],"product_brand":[],"product_cat":[696],"product_tag":[],"class_list":{"0":"post-26396","1":"product","2":"type-product","3":"status-publish","4":"has-post-thumbnail","6":"product_cat-5-coupons","9":"first","10":"instock","11":"shipping-taxable","12":"purchasable","13":"product-type-simple"},"_links":{"self":[{"href":"https:\/\/ctccollector.ca\/store\/wp-json\/wp\/v2\/product\/26396","targetHints":{"allow":["GET"]}}],"collection":[{"href":"https:\/\/ctccollector.ca\/store\/wp-json\/wp\/v2\/product"}],"about":[{"href":"https:\/\/ctccollector.ca\/store\/wp-json\/wp\/v2\/types\/product"}],"wp:featuredmedia":[{"embeddable":true,"href":"https:\/\/ctccollector.ca\/store\/wp-json\/wp\/v2\/media\/26400"}],"wp:attachment":[{"href":"https:\/\/ctccollector.ca\/store\/wp-json\/wp\/v2\/media?parent=26396"}],"wp:term":[{"taxonomy":"product_brand","embeddable":true,"href":"https:\/\/ctccollector.ca\/store\/wp-json\/wp\/v2\/product_brand?post=26396"},{"taxonomy":"product_cat","embeddable":true,"href":"https:\/\/ctccollector.ca\/store\/wp-json\/wp\/v2\/product_cat?post=26396"},{"taxonomy":"product_tag","embeddable":true,"href":"https:\/\/ctccollector.ca\/store\/wp-json\/wp\/v2\/product_tag?post=26396"}],"curies":[{"name":"wp","href":"https:\/\/api.w.org\/{rel}","templated":true}]}}