{"id":26450,"date":"2020-01-04T15:19:16","date_gmt":"2020-01-04T20:19:16","guid":{"rendered":"https:\/\/ctccollector.ca\/store\/?post_type=product&#038;p=26450"},"modified":"2021-08-16T14:20:27","modified_gmt":"2021-08-16T18:20:27","slug":"fa13-025-03a-type-087-2415-0919-81259-3","status":"publish","type":"product","link":"https:\/\/ctccollector.ca\/store\/shop\/fa13-025-03a-type-087-2415-0919-81259-3\/","title":{"rendered":"FA13-025-03a-Type 087 &#8211; 2415-0919 &#8211; 81259-3"},"content":{"rendered":"<p>[:en]Fixed Amount Series 13<\/p>\n<p>$25.00 CTC Logo on Black with large numbers<\/p>\n<p>Used, no value on card<\/p>\n<p>2415 &#8211;\u00a0Card #81259-3<\/p>\n<p>Date 09\/2019[:fr]Montant Fixe s\u00e9ries 13<\/p>\n<p>$25.00 logo CTC sur fond noir avec grandes num\u00e9ros<\/p>\n<p>Utilis\u00e9e, aucun valeur sur la carte<\/p>\n<p>2415 &#8211;\u00a0Carte #81259-3<\/p>\n<p>Date 09\/2019[:]<\/p>\n","protected":false},"excerpt":{"rendered":"<p>[:en]Fixed Amount Series 13 $25.00 CTC Logo on Black with large numbers Used, no value on card 2415 &#8211;\u00a0Card #81259-3 Date 09\/2019[:fr]Montant Fixe s\u00e9ries 13 $25.00 logo CTC sur fond noir avec grandes num\u00e9ros Utilis\u00e9e, aucun valeur sur la carte 2415 &#8211;\u00a0Carte #81259-3 Date 09\/2019[:]<\/p>\n","protected":false},"featured_media":26451,"template":"","meta":[],"product_brand":[],"product_cat":[928],"product_tag":[],"class_list":{"0":"post-26450","1":"product","2":"type-product","3":"status-publish","4":"has-post-thumbnail","6":"product_cat-fixed-amount-fa13","9":"first","10":"instock","11":"shipping-taxable","12":"purchasable","13":"product-type-simple"},"_links":{"self":[{"href":"https:\/\/ctccollector.ca\/store\/wp-json\/wp\/v2\/product\/26450","targetHints":{"allow":["GET"]}}],"collection":[{"href":"https:\/\/ctccollector.ca\/store\/wp-json\/wp\/v2\/product"}],"about":[{"href":"https:\/\/ctccollector.ca\/store\/wp-json\/wp\/v2\/types\/product"}],"wp:featuredmedia":[{"embeddable":true,"href":"https:\/\/ctccollector.ca\/store\/wp-json\/wp\/v2\/media\/26451"}],"wp:attachment":[{"href":"https:\/\/ctccollector.ca\/store\/wp-json\/wp\/v2\/media?parent=26450"}],"wp:term":[{"taxonomy":"product_brand","embeddable":true,"href":"https:\/\/ctccollector.ca\/store\/wp-json\/wp\/v2\/product_brand?post=26450"},{"taxonomy":"product_cat","embeddable":true,"href":"https:\/\/ctccollector.ca\/store\/wp-json\/wp\/v2\/product_cat?post=26450"},{"taxonomy":"product_tag","embeddable":true,"href":"https:\/\/ctccollector.ca\/store\/wp-json\/wp\/v2\/product_tag?post=26450"}],"curies":[{"name":"wp","href":"https:\/\/api.w.org\/{rel}","templated":true}]}}