{"id":26507,"date":"2020-01-21T15:50:10","date_gmt":"2020-01-21T20:50:10","guid":{"rendered":"https:\/\/ctccollector.ca\/store\/?post_type=product&#038;p=26507"},"modified":"2024-12-27T00:32:42","modified_gmt":"2024-12-27T05:32:42","slug":"prc-50-22b-type-393-2456-1019-70272-small","status":"publish","type":"product","link":"https:\/\/ctccollector.ca\/store\/shop\/prc-50-22b-type-393-2456-1019-70272-small\/","title":{"rendered":"PRC-50-22b-Type 393 &#8211; 2456-1019 &#8211; 70272 small"},"content":{"rendered":"<p>[:en]Promotional Cards<br \/>\nPromo Card<\/p>\n<p>Small serial number<\/p>\n<p>Used, no value on card<\/p>\n<p>Card #70272<\/p>\n<p>Date 10-2019[:fr]Cartes promotionnelles<br \/>\nCarte promo<\/p>\n<p>Petit num\u00e9ro de s\u00e9rie.<\/p>\n<p>Utilis\u00e9e, aucun valeur sur la carte<\/p>\n<p>Carte #70272<\/p>\n<p>Date 10-2019[:]<\/p>\n","protected":false},"excerpt":{"rendered":"<p>[:en]Promotional Cards Promo Card Small serial number Used, no value on card Card #70272 Date 10-2019[:fr]Cartes promotionnelles Carte promo Petit num\u00e9ro de s\u00e9rie. Utilis\u00e9e, aucun valeur sur la carte Carte #70272 Date 10-2019[:]<\/p>\n","protected":false},"featured_media":26508,"template":"","meta":[],"product_brand":[],"product_cat":[843],"product_tag":[],"class_list":{"0":"post-26507","1":"product","2":"type-product","3":"status-publish","4":"has-post-thumbnail","6":"product_cat-prc-50-00","9":"first","10":"instock","11":"shipping-taxable","12":"purchasable","13":"product-type-simple"},"_links":{"self":[{"href":"https:\/\/ctccollector.ca\/store\/wp-json\/wp\/v2\/product\/26507","targetHints":{"allow":["GET"]}}],"collection":[{"href":"https:\/\/ctccollector.ca\/store\/wp-json\/wp\/v2\/product"}],"about":[{"href":"https:\/\/ctccollector.ca\/store\/wp-json\/wp\/v2\/types\/product"}],"wp:featuredmedia":[{"embeddable":true,"href":"https:\/\/ctccollector.ca\/store\/wp-json\/wp\/v2\/media\/26508"}],"wp:attachment":[{"href":"https:\/\/ctccollector.ca\/store\/wp-json\/wp\/v2\/media?parent=26507"}],"wp:term":[{"taxonomy":"product_brand","embeddable":true,"href":"https:\/\/ctccollector.ca\/store\/wp-json\/wp\/v2\/product_brand?post=26507"},{"taxonomy":"product_cat","embeddable":true,"href":"https:\/\/ctccollector.ca\/store\/wp-json\/wp\/v2\/product_cat?post=26507"},{"taxonomy":"product_tag","embeddable":true,"href":"https:\/\/ctccollector.ca\/store\/wp-json\/wp\/v2\/product_tag?post=26507"}],"curies":[{"name":"wp","href":"https:\/\/api.w.org\/{rel}","templated":true}]}}