{"id":26766,"date":"2020-03-01T16:15:49","date_gmt":"2020-03-01T21:15:49","guid":{"rendered":"https:\/\/ctccollector.ca\/store\/?post_type=product&#038;p=26766"},"modified":"2021-05-06T11:43:30","modified_gmt":"2021-05-06T15:43:30","slug":"ctc-s32-b19-05-0563780933-unc","status":"publish","type":"product","link":"https:\/\/ctccollector.ca\/store\/shop\/ctc-s32-b19-05-0563780933-unc\/","title":{"rendered":"CTC S32-B19-05 &#8211; 0563780933 &#8211; UNC"},"content":{"rendered":"<p>[:en]You will receive a new Uncirculated 2019 5\u00a2 note from the S32 series check out the image for actual serial number.[:fr]Vous recevrez un nouveau billet 5\u00a2 &#8211; 2019 non circul\u00e9 de la s\u00e9rie S32 voir l&#8217;image pour le num\u00e9ro de s\u00e9rie.[:]<\/p>\n","protected":false},"excerpt":{"rendered":"<p>[:en]You will receive a new Uncirculated 2019 5\u00a2 note from the S32 series check out the image for actual serial number.[:fr]Vous recevrez un nouveau billet 5\u00a2 &#8211; 2019 non circul\u00e9 de la s\u00e9rie S32 voir l&#8217;image pour le num\u00e9ro de s\u00e9rie.[:]<\/p>\n","protected":false},"featured_media":26767,"template":"","meta":[],"product_brand":[],"product_cat":[696],"product_tag":[],"class_list":{"0":"post-26766","1":"product","2":"type-product","3":"status-publish","4":"has-post-thumbnail","6":"product_cat-5-coupons","9":"first","10":"instock","11":"shipping-taxable","12":"purchasable","13":"product-type-simple"},"_links":{"self":[{"href":"https:\/\/ctccollector.ca\/store\/wp-json\/wp\/v2\/product\/26766","targetHints":{"allow":["GET"]}}],"collection":[{"href":"https:\/\/ctccollector.ca\/store\/wp-json\/wp\/v2\/product"}],"about":[{"href":"https:\/\/ctccollector.ca\/store\/wp-json\/wp\/v2\/types\/product"}],"wp:featuredmedia":[{"embeddable":true,"href":"https:\/\/ctccollector.ca\/store\/wp-json\/wp\/v2\/media\/26767"}],"wp:attachment":[{"href":"https:\/\/ctccollector.ca\/store\/wp-json\/wp\/v2\/media?parent=26766"}],"wp:term":[{"taxonomy":"product_brand","embeddable":true,"href":"https:\/\/ctccollector.ca\/store\/wp-json\/wp\/v2\/product_brand?post=26766"},{"taxonomy":"product_cat","embeddable":true,"href":"https:\/\/ctccollector.ca\/store\/wp-json\/wp\/v2\/product_cat?post=26766"},{"taxonomy":"product_tag","embeddable":true,"href":"https:\/\/ctccollector.ca\/store\/wp-json\/wp\/v2\/product_tag?post=26766"}],"curies":[{"name":"wp","href":"https:\/\/api.w.org\/{rel}","templated":true}]}}