{"id":26907,"date":"2020-04-11T11:48:46","date_gmt":"2020-04-11T15:48:46","guid":{"rendered":"https:\/\/ctccollector.ca\/store\/?post_type=product&#038;p=26907"},"modified":"2021-08-20T09:17:37","modified_gmt":"2021-08-20T13:17:37","slug":"ctc-s32-da17-in-9963955742-unc-insert-replacement","status":"publish","type":"product","link":"https:\/\/ctccollector.ca\/store\/shop\/ctc-s32-da17-in-9963955742-unc-insert-replacement\/","title":{"rendered":"[:en]CTC S32-Da17-in &#8211; 9963955742 &#8211; UNC &#8211; Insert replacement[:fr]CTC S32-Da17-in &#8211; 9963955742 &#8211; UNC &#8211; Remplacement ins\u00e9r\u00e9 (Copy)[:]"},"content":{"rendered":"<p>[:en]CTC S32-Da17-in &#8211; 9963955742 &#8211; UNC &#8211; Insert replacement.<\/p>\n<p>A well centred note.<\/p>\n<p>Check out the image, this will be the actual note you are purchasing![:fr]CTC S32-Da17-in &#8211; 9963955742 &#8211; UNC &#8211; Remplacement ins\u00e9r\u00e9.<\/p>\n<p>Un billet bien centr\u00e9.<\/p>\n<p>Voir l&#8217;image pour examiner le billet que vous ach\u00e8terez![:]<\/p>\n","protected":false},"excerpt":{"rendered":"<p>[:en]CTC S32-Da17-in &#8211; 9963955742 &#8211; UNC &#8211; Insert replacement. A well centred note. Check out the image, this will be the actual note you are purchasing![:fr]CTC S32-Da17-in &#8211; 9963955742 &#8211; UNC &#8211; Remplacement ins\u00e9r\u00e9. Un billet bien centr\u00e9. Voir l&#8217;image pour examiner le billet que vous ach\u00e8terez![:]<\/p>\n","protected":false},"featured_media":26898,"template":"","meta":[],"product_brand":[],"product_cat":[846],"product_tag":[],"class_list":{"0":"post-26907","1":"product","2":"type-product","3":"status-publish","4":"has-post-thumbnail","6":"product_cat-ctc-s32-25-replacements-5","9":"first","10":"instock","11":"shipping-taxable","12":"purchasable","13":"product-type-simple"},"_links":{"self":[{"href":"https:\/\/ctccollector.ca\/store\/wp-json\/wp\/v2\/product\/26907","targetHints":{"allow":["GET"]}}],"collection":[{"href":"https:\/\/ctccollector.ca\/store\/wp-json\/wp\/v2\/product"}],"about":[{"href":"https:\/\/ctccollector.ca\/store\/wp-json\/wp\/v2\/types\/product"}],"wp:featuredmedia":[{"embeddable":true,"href":"https:\/\/ctccollector.ca\/store\/wp-json\/wp\/v2\/media\/26898"}],"wp:attachment":[{"href":"https:\/\/ctccollector.ca\/store\/wp-json\/wp\/v2\/media?parent=26907"}],"wp:term":[{"taxonomy":"product_brand","embeddable":true,"href":"https:\/\/ctccollector.ca\/store\/wp-json\/wp\/v2\/product_brand?post=26907"},{"taxonomy":"product_cat","embeddable":true,"href":"https:\/\/ctccollector.ca\/store\/wp-json\/wp\/v2\/product_cat?post=26907"},{"taxonomy":"product_tag","embeddable":true,"href":"https:\/\/ctccollector.ca\/store\/wp-json\/wp\/v2\/product_tag?post=26907"}],"curies":[{"name":"wp","href":"https:\/\/api.w.org\/{rel}","templated":true}]}}