{"id":27018,"date":"2020-04-26T09:49:24","date_gmt":"2020-04-26T13:49:24","guid":{"rendered":"https:\/\/ctccollector.ca\/store\/?post_type=product&#038;p=27018"},"modified":"2023-10-10T13:29:11","modified_gmt":"2023-10-10T17:29:11","slug":"ctc-s10-b-a0163036-unc-bob-hope-nose","status":"publish","type":"product","link":"https:\/\/ctccollector.ca\/store\/shop\/ctc-s10-b-a0163036-unc-bob-hope-nose\/","title":{"rendered":"[:en]CTC S10-B &#8211; A0163036 &#8211; UNC &#8211; Bob Hope Nose[:fr]CTC S10-B &#8211; A0163036 &#8211; UNC -Nez de Bob Hope[:]"},"content":{"rendered":"<p>[:en]Bob Hope&#8217;s Nose 3 (sbh3r)<br \/>\nThere are some S10 store coupons that have the middle prong of the three turned up like a cartoon depiction of Bob Hope\u2019s nose. Here it occurs in the right serial number.[:fr]Le nez de Bob Hope 3 (sbh3r)<br \/>\nIl y a quelques coupons CTC S10 qui ont la barre du milieu du 3 tourn\u00e9e vers le haut comme une caricature du nez de Bob Hope et qui ressemble \u00e0 une pente de ski. Ici il survient dans le num\u00e9ro de s\u00e9rie de droite.[:]<\/p>\n","protected":false},"excerpt":{"rendered":"<p>[:en]Bob Hope&#8217;s Nose 3 (sbh3r) There are some S10 store coupons that have the middle prong of the three turned up like a cartoon depiction of Bob Hope\u2019s nose. Here it occurs in the right serial number.[:fr]Le nez de Bob Hope 3 (sbh3r) Il y a quelques coupons CTC S10 qui ont la barre du &hellip; <a href=\"https:\/\/ctccollector.ca\/store\/shop\/ctc-s10-b-a0163036-unc-bob-hope-nose\/\" class=\"more-link\">Continue reading <span class=\"screen-reader-text\">[:en]CTC S10-B &#8211; A0163036 &#8211; UNC &#8211; Bob Hope Nose[:fr]CTC S10-B &#8211; A0163036 &#8211; UNC -Nez de Bob Hope[:]<\/span> <span class=\"meta-nav\">&rarr;<\/span><\/a><\/p>\n","protected":false},"featured_media":27016,"template":"","meta":[],"product_brand":[],"product_cat":[967],"product_tag":[],"class_list":{"0":"post-27018","1":"product","2":"type-product","3":"status-publish","4":"has-post-thumbnail","6":"product_cat-bob-hopes-nose","9":"first","10":"outofstock","11":"shipping-taxable","12":"purchasable","13":"product-type-simple"},"_links":{"self":[{"href":"https:\/\/ctccollector.ca\/store\/wp-json\/wp\/v2\/product\/27018","targetHints":{"allow":["GET"]}}],"collection":[{"href":"https:\/\/ctccollector.ca\/store\/wp-json\/wp\/v2\/product"}],"about":[{"href":"https:\/\/ctccollector.ca\/store\/wp-json\/wp\/v2\/types\/product"}],"wp:featuredmedia":[{"embeddable":true,"href":"https:\/\/ctccollector.ca\/store\/wp-json\/wp\/v2\/media\/27016"}],"wp:attachment":[{"href":"https:\/\/ctccollector.ca\/store\/wp-json\/wp\/v2\/media?parent=27018"}],"wp:term":[{"taxonomy":"product_brand","embeddable":true,"href":"https:\/\/ctccollector.ca\/store\/wp-json\/wp\/v2\/product_brand?post=27018"},{"taxonomy":"product_cat","embeddable":true,"href":"https:\/\/ctccollector.ca\/store\/wp-json\/wp\/v2\/product_cat?post=27018"},{"taxonomy":"product_tag","embeddable":true,"href":"https:\/\/ctccollector.ca\/store\/wp-json\/wp\/v2\/product_tag?post=27018"}],"curies":[{"name":"wp","href":"https:\/\/api.w.org\/{rel}","templated":true}]}}