{"id":27125,"date":"2020-04-28T15:24:29","date_gmt":"2020-04-28T19:24:29","guid":{"rendered":"https:\/\/ctccollector.ca\/store\/?post_type=product&#038;p=27125"},"modified":"2020-04-28T15:25:26","modified_gmt":"2020-04-28T19:25:26","slug":"ctc-s11-b-a7601251-fine-wsquare-0-variety","status":"publish","type":"product","link":"https:\/\/ctccollector.ca\/store\/shop\/ctc-s11-b-a7601251-fine-wsquare-0-variety\/","title":{"rendered":"[:en]CTC S11-B &#8211; A7601251 &#8211; Fine &#8211; w\/Square &#8220;0&#8221; variety[:fr]CTC S11-B &#8211; A7601251 &#8211; Fine &#8211; Vari\u00e9t\u00e9 avec &#8221;0&#8221; carr\u00e9[:]"},"content":{"rendered":"<p>[:en]Check out the image, this will be the actual note you are purchasing![:fr]Voir l&#8217;image pour examiner le billet que vous ach\u00e8terez![:]<\/p>\n","protected":false},"excerpt":{"rendered":"<p>[:en]Check out the image, this will be the actual note you are purchasing![:fr]Voir l&#8217;image pour examiner le billet que vous ach\u00e8terez![:]<\/p>\n","protected":false},"featured_media":27126,"template":"","meta":[],"product_brand":[],"product_cat":[963],"product_tag":[],"class_list":{"0":"post-27125","1":"product","2":"type-product","3":"status-publish","4":"has-post-thumbnail","6":"product_cat-square-0","9":"first","10":"instock","11":"shipping-taxable","12":"purchasable","13":"product-type-simple"},"_links":{"self":[{"href":"https:\/\/ctccollector.ca\/store\/wp-json\/wp\/v2\/product\/27125","targetHints":{"allow":["GET"]}}],"collection":[{"href":"https:\/\/ctccollector.ca\/store\/wp-json\/wp\/v2\/product"}],"about":[{"href":"https:\/\/ctccollector.ca\/store\/wp-json\/wp\/v2\/types\/product"}],"wp:featuredmedia":[{"embeddable":true,"href":"https:\/\/ctccollector.ca\/store\/wp-json\/wp\/v2\/media\/27126"}],"wp:attachment":[{"href":"https:\/\/ctccollector.ca\/store\/wp-json\/wp\/v2\/media?parent=27125"}],"wp:term":[{"taxonomy":"product_brand","embeddable":true,"href":"https:\/\/ctccollector.ca\/store\/wp-json\/wp\/v2\/product_brand?post=27125"},{"taxonomy":"product_cat","embeddable":true,"href":"https:\/\/ctccollector.ca\/store\/wp-json\/wp\/v2\/product_cat?post=27125"},{"taxonomy":"product_tag","embeddable":true,"href":"https:\/\/ctccollector.ca\/store\/wp-json\/wp\/v2\/product_tag?post=27125"}],"curies":[{"name":"wp","href":"https:\/\/api.w.org\/{rel}","templated":true}]}}