{"id":27986,"date":"2020-05-21T13:19:47","date_gmt":"2020-05-21T17:19:47","guid":{"rendered":"https:\/\/ctccollector.ca\/store\/?post_type=product&#038;p=27986"},"modified":"2022-07-14T06:52:07","modified_gmt":"2022-07-14T10:52:07","slug":"fa04-j-025-01-type-064-2424-0919-70289","status":"publish","type":"product","link":"https:\/\/ctccollector.ca\/store\/shop\/fa04-j-025-01-type-064-2424-0919-70289\/","title":{"rendered":"FA04-J-025-01-Type 064 &#8211; 2424-0919-70289"},"content":{"rendered":"<p>[:en]Fixed Amount Series 4 -Corporate Issue<\/p>\n<p>$25.00 Candy Cane series<\/p>\n<p>Used, no value on card<\/p>\n<p>2424 &#8211;\u00a0Card #70289<\/p>\n<p>Date 09-2019[:fr]Montant Fixe s\u00e9ries 4 -\u00c9mission corporatif<\/p>\n<p>$25.00 s\u00e9rie &#8211; Canne de no\u00ebl<\/p>\n<p>Utilis\u00e9e, aucun valeur sur la carte<\/p>\n<p>2424 &#8211; Carte #70289<\/p>\n<p>Date 09-2019[:]<\/p>\n","protected":false},"excerpt":{"rendered":"<p>[:en]Fixed Amount Series 4 -Corporate Issue $25.00 Candy Cane series Used, no value on card 2424 &#8211;\u00a0Card #70289 Date 09-2019[:fr]Montant Fixe s\u00e9ries 4 -\u00c9mission corporatif $25.00 s\u00e9rie &#8211; Canne de no\u00ebl Utilis\u00e9e, aucun valeur sur la carte 2424 &#8211; Carte #70289 Date 09-2019[:]<\/p>\n","protected":false},"featured_media":27987,"template":"","meta":[],"product_brand":[],"product_cat":[755],"product_tag":[],"class_list":{"0":"post-27986","1":"product","2":"type-product","3":"status-publish","4":"has-post-thumbnail","6":"product_cat-fa04-025","9":"first","10":"instock","11":"shipping-taxable","12":"purchasable","13":"product-type-simple"},"_links":{"self":[{"href":"https:\/\/ctccollector.ca\/store\/wp-json\/wp\/v2\/product\/27986","targetHints":{"allow":["GET"]}}],"collection":[{"href":"https:\/\/ctccollector.ca\/store\/wp-json\/wp\/v2\/product"}],"about":[{"href":"https:\/\/ctccollector.ca\/store\/wp-json\/wp\/v2\/types\/product"}],"wp:featuredmedia":[{"embeddable":true,"href":"https:\/\/ctccollector.ca\/store\/wp-json\/wp\/v2\/media\/27987"}],"wp:attachment":[{"href":"https:\/\/ctccollector.ca\/store\/wp-json\/wp\/v2\/media?parent=27986"}],"wp:term":[{"taxonomy":"product_brand","embeddable":true,"href":"https:\/\/ctccollector.ca\/store\/wp-json\/wp\/v2\/product_brand?post=27986"},{"taxonomy":"product_cat","embeddable":true,"href":"https:\/\/ctccollector.ca\/store\/wp-json\/wp\/v2\/product_cat?post=27986"},{"taxonomy":"product_tag","embeddable":true,"href":"https:\/\/ctccollector.ca\/store\/wp-json\/wp\/v2\/product_tag?post=27986"}],"curies":[{"name":"wp","href":"https:\/\/api.w.org\/{rel}","templated":true}]}}