{"id":28295,"date":"2020-06-12T16:00:44","date_gmt":"2020-06-12T20:00:44","guid":{"rendered":"https:\/\/ctccollector.ca\/store\/?post_type=product&#038;p=28295"},"modified":"2021-03-16T09:54:38","modified_gmt":"2021-03-16T13:54:38","slug":"ctc-s20-c-2001071379-unc-snq-overprint","status":"publish","type":"product","link":"https:\/\/ctccollector.ca\/store\/shop\/ctc-s20-c-2001071379-unc-snq-overprint\/","title":{"rendered":"[:en]CTC S20-C &#8211; 2001071379 &#8211; UNC &#8211; SNQ Overprint[:fr]CTC S20-C &#8211; 2001071379 &#8211; UNC &#8211; Surimprim\u00e9 pour le SNQ[:]"},"content":{"rendered":"<p>[:en]A small quantity of CTC S20-C &#8211; 10\u00a2 coupons were overprinted on the back in black by the CTCCC and handed out to visitors at the Quebec Numismatic Society in October 2000 to celebrate their &#8220;Canadian Tire Month&#8221;.<\/p>\n<p>Check the image for the actual note you will receive.<\/p>\n<p>Each set of notes has two consecutive coupons, one with the impression and one without.[:fr]Une petite quantit\u00e9 de billets CTC S20-C &#8211; 10\u00a2 ont \u00e9t\u00e9 surimprim\u00e9es \u00e0 l&#8217;endos en noir par le CTCCC et remis aux visiteurs de la Soci\u00e9t\u00e9 numismatique du Qu\u00e9bec en octobre 2000 pour c\u00e9l\u00e9brer leur &#8220;Mois de Canadian Tire&#8221;.<\/p>\n<p>V\u00e9rifiez l&#8217;image pour le billet actuel que vous recevrez.<\/p>\n<p>Chaque ensemble de deux billets cons\u00e9cutifs, l&#8217;un avec l&#8217;impression et l&#8217;autre sans.[:]<\/p>\n","protected":false},"excerpt":{"rendered":"<p>[:en]A small quantity of CTC S20-C &#8211; 10\u00a2 coupons were overprinted on the back in black by the CTCCC and handed out to visitors at the Quebec Numismatic Society in October 2000 to celebrate their &#8220;Canadian Tire Month&#8221;. Check the image for the actual note you will receive. Each set of notes has two consecutive &hellip; <a href=\"https:\/\/ctccollector.ca\/store\/shop\/ctc-s20-c-2001071379-unc-snq-overprint\/\" class=\"more-link\">Continue reading <span class=\"screen-reader-text\">[:en]CTC S20-C &#8211; 2001071379 &#8211; UNC &#8211; SNQ Overprint[:fr]CTC S20-C &#8211; 2001071379 &#8211; UNC &#8211; Surimprim\u00e9 pour le SNQ[:]<\/span> <span class=\"meta-nav\">&rarr;<\/span><\/a><\/p>\n","protected":false},"featured_media":28293,"template":"","meta":[],"product_brand":[],"product_cat":[974],"product_tag":[],"class_list":{"0":"post-28295","1":"product","2":"type-product","3":"status-publish","4":"has-post-thumbnail","6":"product_cat-event-overprints","9":"first","10":"instock","11":"shipping-taxable","12":"purchasable","13":"product-type-simple"},"_links":{"self":[{"href":"https:\/\/ctccollector.ca\/store\/wp-json\/wp\/v2\/product\/28295","targetHints":{"allow":["GET"]}}],"collection":[{"href":"https:\/\/ctccollector.ca\/store\/wp-json\/wp\/v2\/product"}],"about":[{"href":"https:\/\/ctccollector.ca\/store\/wp-json\/wp\/v2\/types\/product"}],"wp:featuredmedia":[{"embeddable":true,"href":"https:\/\/ctccollector.ca\/store\/wp-json\/wp\/v2\/media\/28293"}],"wp:attachment":[{"href":"https:\/\/ctccollector.ca\/store\/wp-json\/wp\/v2\/media?parent=28295"}],"wp:term":[{"taxonomy":"product_brand","embeddable":true,"href":"https:\/\/ctccollector.ca\/store\/wp-json\/wp\/v2\/product_brand?post=28295"},{"taxonomy":"product_cat","embeddable":true,"href":"https:\/\/ctccollector.ca\/store\/wp-json\/wp\/v2\/product_cat?post=28295"},{"taxonomy":"product_tag","embeddable":true,"href":"https:\/\/ctccollector.ca\/store\/wp-json\/wp\/v2\/product_tag?post=28295"}],"curies":[{"name":"wp","href":"https:\/\/api.w.org\/{rel}","templated":true}]}}