{"id":28401,"date":"2020-06-30T11:47:26","date_gmt":"2020-06-30T15:47:26","guid":{"rendered":"https:\/\/ctccollector.ca\/store\/?post_type=product&#038;p=28401"},"modified":"2022-06-09T14:10:41","modified_gmt":"2022-06-09T18:10:41","slug":"fa06-025-10-type-085-2410-0519-105081","status":"publish","type":"product","link":"https:\/\/ctccollector.ca\/store\/shop\/fa06-025-10-type-085-2410-0519-105081\/","title":{"rendered":"FA06-025-10-Type 085-2410-0519 &#8211; 105081"},"content":{"rendered":"<p>[:en]Fixed Amount Series 6<\/p>\n<p>$25.00 Bicycle Wheel<\/p>\n<p>Used, no value on card<\/p>\n<p>2410 &#8211; Card #105081<\/p>\n<p>Date 05-2019[:fr]Montant Fixe s\u00e9ries 6<\/p>\n<p>$25.00 Roue de v\u00e9lo<\/p>\n<p>Utilis\u00e9e, aucun valeur sur la carte<\/p>\n<p>2410 -Carte #105081<\/p>\n<p>Date 05-2019[:]<\/p>\n","protected":false},"excerpt":{"rendered":"<p>[:en]Fixed Amount Series 6 $25.00 Bicycle Wheel Used, no value on card 2410 &#8211; Card #105081 Date 05-2019[:fr]Montant Fixe s\u00e9ries 6 $25.00 Roue de v\u00e9lo Utilis\u00e9e, aucun valeur sur la carte 2410 -Carte #105081 Date 05-2019[:]<\/p>\n","protected":false},"featured_media":28402,"template":"","meta":[],"product_brand":[],"product_cat":[847],"product_tag":[],"class_list":{"0":"post-28401","1":"product","2":"type-product","3":"status-publish","4":"has-post-thumbnail","6":"product_cat-fa06-025","9":"first","10":"instock","11":"shipping-taxable","12":"purchasable","13":"product-type-simple"},"_links":{"self":[{"href":"https:\/\/ctccollector.ca\/store\/wp-json\/wp\/v2\/product\/28401","targetHints":{"allow":["GET"]}}],"collection":[{"href":"https:\/\/ctccollector.ca\/store\/wp-json\/wp\/v2\/product"}],"about":[{"href":"https:\/\/ctccollector.ca\/store\/wp-json\/wp\/v2\/types\/product"}],"wp:featuredmedia":[{"embeddable":true,"href":"https:\/\/ctccollector.ca\/store\/wp-json\/wp\/v2\/media\/28402"}],"wp:attachment":[{"href":"https:\/\/ctccollector.ca\/store\/wp-json\/wp\/v2\/media?parent=28401"}],"wp:term":[{"taxonomy":"product_brand","embeddable":true,"href":"https:\/\/ctccollector.ca\/store\/wp-json\/wp\/v2\/product_brand?post=28401"},{"taxonomy":"product_cat","embeddable":true,"href":"https:\/\/ctccollector.ca\/store\/wp-json\/wp\/v2\/product_cat?post=28401"},{"taxonomy":"product_tag","embeddable":true,"href":"https:\/\/ctccollector.ca\/store\/wp-json\/wp\/v2\/product_tag?post=28401"}],"curies":[{"name":"wp","href":"https:\/\/api.w.org\/{rel}","templated":true}]}}