{"id":28403,"date":"2020-06-30T11:50:56","date_gmt":"2020-06-30T15:50:56","guid":{"rendered":"https:\/\/ctccollector.ca\/store\/?post_type=product&#038;p=28403"},"modified":"2022-03-21T15:59:51","modified_gmt":"2022-03-21T19:59:51","slug":"fa04-f-010-04-type-025-2406-1119-70351","status":"publish","type":"product","link":"https:\/\/ctccollector.ca\/store\/shop\/fa04-f-010-04-type-025-2406-1119-70351\/","title":{"rendered":"FA04-F-010-04-Type 025-2406-1119 &#8211; 70351"},"content":{"rendered":"<p>[:en]Fixed Amount Series 4 -Corporate Issue<\/p>\n<p>$10.00 Heritage series<\/p>\n<p>Used, no value on card<\/p>\n<p>2406 &#8211;\u00a0Card #70351<\/p>\n<p>Date 11-2019[:fr]Montant Fixe s\u00e9ries 4 -\u00c9mission corporatif<\/p>\n<p>$10.00 s\u00e9rie Heritage<\/p>\n<p>Utilis\u00e9e, aucun valeur sur la carte<\/p>\n<p>2406 &#8211; Carte #70351<\/p>\n<p>Date 11-2019[:]<\/p>\n","protected":false},"excerpt":{"rendered":"<p>[:en]Fixed Amount Series 4 -Corporate Issue $10.00 Heritage series Used, no value on card 2406 &#8211;\u00a0Card #70351 Date 11-2019[:fr]Montant Fixe s\u00e9ries 4 -\u00c9mission corporatif $10.00 s\u00e9rie Heritage Utilis\u00e9e, aucun valeur sur la carte 2406 &#8211; Carte #70351 Date 11-2019[:]<\/p>\n","protected":false},"featured_media":28404,"template":"","meta":[],"product_brand":[],"product_cat":[754],"product_tag":[],"class_list":{"0":"post-28403","1":"product","2":"type-product","3":"status-publish","4":"has-post-thumbnail","6":"product_cat-fa04-010","9":"first","10":"instock","11":"shipping-taxable","12":"purchasable","13":"product-type-simple"},"_links":{"self":[{"href":"https:\/\/ctccollector.ca\/store\/wp-json\/wp\/v2\/product\/28403","targetHints":{"allow":["GET"]}}],"collection":[{"href":"https:\/\/ctccollector.ca\/store\/wp-json\/wp\/v2\/product"}],"about":[{"href":"https:\/\/ctccollector.ca\/store\/wp-json\/wp\/v2\/types\/product"}],"wp:featuredmedia":[{"embeddable":true,"href":"https:\/\/ctccollector.ca\/store\/wp-json\/wp\/v2\/media\/28404"}],"wp:attachment":[{"href":"https:\/\/ctccollector.ca\/store\/wp-json\/wp\/v2\/media?parent=28403"}],"wp:term":[{"taxonomy":"product_brand","embeddable":true,"href":"https:\/\/ctccollector.ca\/store\/wp-json\/wp\/v2\/product_brand?post=28403"},{"taxonomy":"product_cat","embeddable":true,"href":"https:\/\/ctccollector.ca\/store\/wp-json\/wp\/v2\/product_cat?post=28403"},{"taxonomy":"product_tag","embeddable":true,"href":"https:\/\/ctccollector.ca\/store\/wp-json\/wp\/v2\/product_tag?post=28403"}],"curies":[{"name":"wp","href":"https:\/\/api.w.org\/{rel}","templated":true}]}}