{"id":28571,"date":"2020-09-02T11:06:44","date_gmt":"2020-09-02T15:06:44","guid":{"rendered":"https:\/\/ctccollector.ca\/store\/?post_type=product&#038;p=28571"},"modified":"2020-09-02T11:08:05","modified_gmt":"2020-09-02T15:08:05","slug":"ctc-g07-b2-t1812606-vf-small-serifs","status":"publish","type":"product","link":"https:\/\/ctccollector.ca\/store\/shop\/ctc-g07-b2-t1812606-vf-small-serifs\/","title":{"rendered":"[:en]CTC G07-B2 &#8211; T1812606  &#8211;  VF &#8211; SMALL SERIFS[:fr]CTC G07-B2 &#8211; T1812606  &#8211;  VF &#8211; Petit s\u00e9rif[:]"},"content":{"rendered":"<p>[:en]Serial #: T1812606<\/p>\n<p>Grade: VF<\/p>\n<p>Denomination: $0.10<\/p>\n<p>Check out the image, this will be the actual note you are purchasing![:fr]S\u00e9rie #: T1853893<\/p>\n<p>Grade: VF<\/p>\n<p>D\u00e9nomination: $0.10<\/p>\n<p>Voir l&#8217;image pour examiner le billet que vous ach\u00e8terez![:]<\/p>\n","protected":false},"excerpt":{"rendered":"<p>[:en]Serial #: T1812606 Grade: VF Denomination: $0.10 Check out the image, this will be the actual note you are purchasing![:fr]S\u00e9rie #: T1853893 Grade: VF D\u00e9nomination: $0.10 Voir l&#8217;image pour examiner le billet que vous ach\u00e8terez![:]<\/p>\n","protected":false},"featured_media":28566,"template":"","meta":[],"product_brand":[],"product_cat":[588],"product_tag":[],"class_list":{"0":"post-28571","1":"product","2":"type-product","3":"status-publish","4":"has-post-thumbnail","6":"product_cat-ctc-7-b2-small-serif-t-prefix","9":"first","10":"instock","11":"shipping-taxable","12":"purchasable","13":"product-type-simple"},"_links":{"self":[{"href":"https:\/\/ctccollector.ca\/store\/wp-json\/wp\/v2\/product\/28571","targetHints":{"allow":["GET"]}}],"collection":[{"href":"https:\/\/ctccollector.ca\/store\/wp-json\/wp\/v2\/product"}],"about":[{"href":"https:\/\/ctccollector.ca\/store\/wp-json\/wp\/v2\/types\/product"}],"wp:featuredmedia":[{"embeddable":true,"href":"https:\/\/ctccollector.ca\/store\/wp-json\/wp\/v2\/media\/28566"}],"wp:attachment":[{"href":"https:\/\/ctccollector.ca\/store\/wp-json\/wp\/v2\/media?parent=28571"}],"wp:term":[{"taxonomy":"product_brand","embeddable":true,"href":"https:\/\/ctccollector.ca\/store\/wp-json\/wp\/v2\/product_brand?post=28571"},{"taxonomy":"product_cat","embeddable":true,"href":"https:\/\/ctccollector.ca\/store\/wp-json\/wp\/v2\/product_cat?post=28571"},{"taxonomy":"product_tag","embeddable":true,"href":"https:\/\/ctccollector.ca\/store\/wp-json\/wp\/v2\/product_tag?post=28571"}],"curies":[{"name":"wp","href":"https:\/\/api.w.org\/{rel}","templated":true}]}}