{"id":28581,"date":"2020-09-02T11:25:33","date_gmt":"2020-09-02T15:25:33","guid":{"rendered":"https:\/\/ctccollector.ca\/store\/?post_type=product&#038;p=28581"},"modified":"2023-11-03T00:17:53","modified_gmt":"2023-11-03T04:17:53","slug":"ctc-g09-a2-pis-s5086372-fine-small-serifs-inverted-s","status":"publish","type":"product","link":"https:\/\/ctccollector.ca\/store\/shop\/ctc-g09-a2-pis-s5086372-fine-small-serifs-inverted-s\/","title":{"rendered":"[:en]CTC G09-A2-pis &#8211; S5086372 &#8211; FINE &#8211; Small serifs, inverted &#8220;S&#8221;[:fr]CTC G09-A2-pis &#8211; S5086372 &#8211; FINE &#8211; Petit s\u00e9rif, &#8220;S&#8221; invers\u00e9[:]"},"content":{"rendered":"<p>[:en]Serial #: S5086372<\/p>\n<p>Grade: FINE<\/p>\n<p>Denomination: $0.05<\/p>\n<p>Small serifs, inverted &#8220;S&#8221; variety, see image for actual note.[:fr]S\u00e9rie #: S5086372<\/p>\n<p>Grade: FINE<\/p>\n<p>D\u00e9nomination: $0.05<\/p>\n<p>Petits s\u00e9rifs, vari\u00e9t\u00e9 &#8220;S&#8221; invers\u00e9 Voir l&#8217;image[:]<\/p>\n","protected":false},"excerpt":{"rendered":"<p>[:en]Serial #: S5086372 Grade: FINE Denomination: $0.05 Small serifs, inverted &#8220;S&#8221; variety, see image for actual note.[:fr]S\u00e9rie #: S5086372 Grade: FINE D\u00e9nomination: $0.05 Petits s\u00e9rifs, vari\u00e9t\u00e9 &#8220;S&#8221; invers\u00e9 Voir l&#8217;image[:]<\/p>\n","protected":false},"featured_media":28575,"template":"","meta":[],"product_brand":[],"product_cat":[612,991],"product_tag":[],"class_list":{"0":"post-28581","1":"product","2":"type-product","3":"status-publish","4":"has-post-thumbnail","6":"product_cat-ctc-9-a-s2b-inverted-s-2","7":"product_cat-prefix-varieties","10":"first","11":"outofstock","12":"shipping-taxable","13":"purchasable","14":"product-type-simple"},"_links":{"self":[{"href":"https:\/\/ctccollector.ca\/store\/wp-json\/wp\/v2\/product\/28581","targetHints":{"allow":["GET"]}}],"collection":[{"href":"https:\/\/ctccollector.ca\/store\/wp-json\/wp\/v2\/product"}],"about":[{"href":"https:\/\/ctccollector.ca\/store\/wp-json\/wp\/v2\/types\/product"}],"wp:featuredmedia":[{"embeddable":true,"href":"https:\/\/ctccollector.ca\/store\/wp-json\/wp\/v2\/media\/28575"}],"wp:attachment":[{"href":"https:\/\/ctccollector.ca\/store\/wp-json\/wp\/v2\/media?parent=28581"}],"wp:term":[{"taxonomy":"product_brand","embeddable":true,"href":"https:\/\/ctccollector.ca\/store\/wp-json\/wp\/v2\/product_brand?post=28581"},{"taxonomy":"product_cat","embeddable":true,"href":"https:\/\/ctccollector.ca\/store\/wp-json\/wp\/v2\/product_cat?post=28581"},{"taxonomy":"product_tag","embeddable":true,"href":"https:\/\/ctccollector.ca\/store\/wp-json\/wp\/v2\/product_tag?post=28581"}],"curies":[{"name":"wp","href":"https:\/\/api.w.org\/{rel}","templated":true}]}}