{"id":28659,"date":"2020-09-26T06:36:10","date_gmt":"2020-09-26T10:36:10","guid":{"rendered":"https:\/\/ctccollector.ca\/store\/?post_type=product&#038;p=28659"},"modified":"2025-01-11T10:53:41","modified_gmt":"2025-01-11T15:53:41","slug":"ctc-s20-c-2012805078-unc-partial-reverse-image-on-back","status":"publish","type":"product","link":"https:\/\/ctccollector.ca\/store\/shop\/ctc-s20-c-2012805078-unc-partial-reverse-image-on-back\/","title":{"rendered":"[:en]CTC S20-C  &#8211;  2012805078 &#8211; UNC &#8211; Partial reverse image on back[:fr]CTC S20-C  &#8211;  2012805078 &#8211; UNC &#8211; Image partiellement invers\u00e9e \u00e0 l&#8217;endos[:]"},"content":{"rendered":"<p>[:en]Check the image for the actual note you will receive.[:fr]V\u00e9rifiez l&#8217;image pour le billet actuel que vous recevrez.[:]<\/p>\n","protected":false},"excerpt":{"rendered":"<p>[:en]Check the image for the actual note you will receive.[:fr]V\u00e9rifiez l&#8217;image pour le billet actuel que vous recevrez.[:]<\/p>\n","protected":false},"featured_media":28639,"template":"","meta":[],"product_brand":[],"product_cat":[990,491,415],"product_tag":[],"class_list":{"0":"post-28659","1":"product","2":"type-product","3":"status-publish","4":"has-post-thumbnail","6":"product_cat-back-varieties","7":"product_cat-ctc-s20-10-notes-17","8":"product_cat-ctc-s20-varieties-errors-4","11":"first","12":"outofstock","13":"shipping-taxable","14":"purchasable","15":"product-type-simple"},"_links":{"self":[{"href":"https:\/\/ctccollector.ca\/store\/wp-json\/wp\/v2\/product\/28659","targetHints":{"allow":["GET"]}}],"collection":[{"href":"https:\/\/ctccollector.ca\/store\/wp-json\/wp\/v2\/product"}],"about":[{"href":"https:\/\/ctccollector.ca\/store\/wp-json\/wp\/v2\/types\/product"}],"wp:featuredmedia":[{"embeddable":true,"href":"https:\/\/ctccollector.ca\/store\/wp-json\/wp\/v2\/media\/28639"}],"wp:attachment":[{"href":"https:\/\/ctccollector.ca\/store\/wp-json\/wp\/v2\/media?parent=28659"}],"wp:term":[{"taxonomy":"product_brand","embeddable":true,"href":"https:\/\/ctccollector.ca\/store\/wp-json\/wp\/v2\/product_brand?post=28659"},{"taxonomy":"product_cat","embeddable":true,"href":"https:\/\/ctccollector.ca\/store\/wp-json\/wp\/v2\/product_cat?post=28659"},{"taxonomy":"product_tag","embeddable":true,"href":"https:\/\/ctccollector.ca\/store\/wp-json\/wp\/v2\/product_tag?post=28659"}],"curies":[{"name":"wp","href":"https:\/\/api.w.org\/{rel}","templated":true}]}}