{"id":28836,"date":"2020-10-12T11:01:24","date_gmt":"2020-10-12T15:01:24","guid":{"rendered":"https:\/\/ctccollector.ca\/store\/?post_type=product&#038;p=28836"},"modified":"2021-04-30T19:50:19","modified_gmt":"2021-04-30T23:50:19","slug":"ctc-s04-d-dn-bm1-bm2-wn-100-mixed-circulated-notes","status":"publish","type":"product","link":"https:\/\/ctccollector.ca\/store\/shop\/ctc-s04-d-dn-bm1-bm2-wn-100-mixed-circulated-notes\/","title":{"rendered":"[:en]CTC S04-D &#8211; DN, BM1, BM2, WN &#8211; 100 mixed circulated notes[:fr]CTC S04-D &#8211; RN8363418 &#8211; 100 billets circul\u00e9s mixtes[:]"},"content":{"rendered":"<p>[:en]Wrapped in cellophane.<\/p>\n<p>Check out the image, this will be the actual bundle you are purchasing!<\/p>\n<p>These notes are all in circulated condition.[:fr]Emball\u00e9 dans du cellophane.<\/p>\n<p>Voir l&#8217;image pour examiner le liasse que vous ach\u00e8terez!<\/p>\n<p>Ces billets sont toutes en \u00e9tat circul\u00e9.[:]<\/p>\n","protected":false},"excerpt":{"rendered":"<p>[:en]Wrapped in cellophane. Check out the image, this will be the actual bundle you are purchasing! These notes are all in circulated condition.[:fr]Emball\u00e9 dans du cellophane. Voir l&#8217;image pour examiner le liasse que vous ach\u00e8terez! Ces billets sont toutes en \u00e9tat circul\u00e9.[:]<\/p>\n","protected":false},"featured_media":28837,"template":"","meta":[],"product_brand":[],"product_cat":[987],"product_tag":[],"class_list":{"0":"post-28836","1":"product","2":"type-product","3":"status-publish","4":"has-post-thumbnail","6":"product_cat-bundles","9":"first","10":"instock","11":"shipping-taxable","12":"purchasable","13":"product-type-simple"},"_links":{"self":[{"href":"https:\/\/ctccollector.ca\/store\/wp-json\/wp\/v2\/product\/28836","targetHints":{"allow":["GET"]}}],"collection":[{"href":"https:\/\/ctccollector.ca\/store\/wp-json\/wp\/v2\/product"}],"about":[{"href":"https:\/\/ctccollector.ca\/store\/wp-json\/wp\/v2\/types\/product"}],"wp:featuredmedia":[{"embeddable":true,"href":"https:\/\/ctccollector.ca\/store\/wp-json\/wp\/v2\/media\/28837"}],"wp:attachment":[{"href":"https:\/\/ctccollector.ca\/store\/wp-json\/wp\/v2\/media?parent=28836"}],"wp:term":[{"taxonomy":"product_brand","embeddable":true,"href":"https:\/\/ctccollector.ca\/store\/wp-json\/wp\/v2\/product_brand?post=28836"},{"taxonomy":"product_cat","embeddable":true,"href":"https:\/\/ctccollector.ca\/store\/wp-json\/wp\/v2\/product_cat?post=28836"},{"taxonomy":"product_tag","embeddable":true,"href":"https:\/\/ctccollector.ca\/store\/wp-json\/wp\/v2\/product_tag?post=28836"}],"curies":[{"name":"wp","href":"https:\/\/api.w.org\/{rel}","templated":true}]}}