{"id":28874,"date":"2020-10-12T11:57:00","date_gmt":"2020-10-12T15:57:00","guid":{"rendered":"https:\/\/ctccollector.ca\/store\/?post_type=product&#038;p=28874"},"modified":"2021-04-30T14:46:48","modified_gmt":"2021-04-30T18:46:48","slug":"ctc-s27-ba02-90-5%c2%a2-replacements-100-unc-notes-3","status":"publish","type":"product","link":"https:\/\/ctccollector.ca\/store\/shop\/ctc-s27-ba02-90-5%c2%a2-replacements-100-unc-notes-3\/","title":{"rendered":"[:en]CTC S27-Ba02-90 &#8211; 5\u00a2 replacements &#8211; 100 UNC notes[:fr]CTC S27-Ba02-90 &#8211; 5\u00a2 remplacements &#8211; 100 billets UNC[:]"},"content":{"rendered":"<p>[:en]These notes are wrapped in cellophane.<\/p>\n<p>These notes are all uncirculated.<\/p>\n<p>Check out the image, this will be the actual note you are purchasing![:fr]Les billets sont\u00a0emball\u00e9s dans du cellophane.<\/p>\n<p>Ces billets sont tous non circul\u00e9s.<\/p>\n<p>Voir l&#8217;image pour examiner le billet que vous ach\u00e8terez![:]<\/p>\n","protected":false},"excerpt":{"rendered":"<p>[:en]These notes are wrapped in cellophane. These notes are all uncirculated. Check out the image, this will be the actual note you are purchasing![:fr]Les billets sont\u00a0emball\u00e9s dans du cellophane. Ces billets sont tous non circul\u00e9s. Voir l&#8217;image pour examiner le billet que vous ach\u00e8terez![:]<\/p>\n","protected":false},"featured_media":28875,"template":"","meta":[],"product_brand":[],"product_cat":[987],"product_tag":[],"class_list":{"0":"post-28874","1":"product","2":"type-product","3":"status-publish","4":"has-post-thumbnail","6":"product_cat-bundles","9":"first","10":"instock","11":"shipping-taxable","12":"purchasable","13":"product-type-simple"},"_links":{"self":[{"href":"https:\/\/ctccollector.ca\/store\/wp-json\/wp\/v2\/product\/28874","targetHints":{"allow":["GET"]}}],"collection":[{"href":"https:\/\/ctccollector.ca\/store\/wp-json\/wp\/v2\/product"}],"about":[{"href":"https:\/\/ctccollector.ca\/store\/wp-json\/wp\/v2\/types\/product"}],"wp:featuredmedia":[{"embeddable":true,"href":"https:\/\/ctccollector.ca\/store\/wp-json\/wp\/v2\/media\/28875"}],"wp:attachment":[{"href":"https:\/\/ctccollector.ca\/store\/wp-json\/wp\/v2\/media?parent=28874"}],"wp:term":[{"taxonomy":"product_brand","embeddable":true,"href":"https:\/\/ctccollector.ca\/store\/wp-json\/wp\/v2\/product_brand?post=28874"},{"taxonomy":"product_cat","embeddable":true,"href":"https:\/\/ctccollector.ca\/store\/wp-json\/wp\/v2\/product_cat?post=28874"},{"taxonomy":"product_tag","embeddable":true,"href":"https:\/\/ctccollector.ca\/store\/wp-json\/wp\/v2\/product_tag?post=28874"}],"curies":[{"name":"wp","href":"https:\/\/api.w.org\/{rel}","templated":true}]}}