{"id":29212,"date":"2020-10-21T10:48:42","date_gmt":"2020-10-21T14:48:42","guid":{"rendered":"https:\/\/ctccollector.ca\/store\/?post_type=product&#038;p=29212"},"modified":"2022-08-26T16:07:39","modified_gmt":"2022-08-26T20:07:39","slug":"var-pc-01b-type-13-2450-0607-7648985","status":"publish","type":"product","link":"https:\/\/ctccollector.ca\/store\/shop\/var-pc-01b-type-13-2450-0607-7648985\/","title":{"rendered":"VAR-PC-01b-Type 13 &#8211; 2450-0607 &#8211; 7648985 skewed"},"content":{"rendered":"<p>[:en]Variable Amount Reloadable<\/p>\n<p>Paint Brushes and Cards &#8211; with skewed serial number<\/p>\n<p>Used, no value on card<\/p>\n<p>Card #07648985<\/p>\n<p>Date 06-2007[:fr]Montant variable rechargeable<\/p>\n<p>Pinceaux et cartes &#8211; <strong>avec num\u00e9ro de s\u00e9rie biais\u00e9<\/strong><\/p>\n<p>Utilis\u00e9e, aucun valeur sur la carte<\/p>\n<p>Carte #07648985<\/p>\n<p>Date 06-2007[:]<\/p>\n","protected":false},"excerpt":{"rendered":"<p>[:en]Variable Amount Reloadable Paint Brushes and Cards &#8211; with skewed serial number Used, no value on card Card #07648985 Date 06-2007[:fr]Montant variable rechargeable Pinceaux et cartes &#8211; avec num\u00e9ro de s\u00e9rie biais\u00e9 Utilis\u00e9e, aucun valeur sur la carte Carte #07648985 Date 06-2007[:]<\/p>\n","protected":false},"featured_media":29213,"template":"","meta":[],"product_brand":[],"product_cat":[771],"product_tag":[],"class_list":{"0":"post-29212","1":"product","2":"type-product","3":"status-publish","4":"has-post-thumbnail","6":"product_cat-var-pc","9":"first","10":"instock","11":"shipping-taxable","12":"purchasable","13":"product-type-simple"},"_links":{"self":[{"href":"https:\/\/ctccollector.ca\/store\/wp-json\/wp\/v2\/product\/29212","targetHints":{"allow":["GET"]}}],"collection":[{"href":"https:\/\/ctccollector.ca\/store\/wp-json\/wp\/v2\/product"}],"about":[{"href":"https:\/\/ctccollector.ca\/store\/wp-json\/wp\/v2\/types\/product"}],"wp:featuredmedia":[{"embeddable":true,"href":"https:\/\/ctccollector.ca\/store\/wp-json\/wp\/v2\/media\/29213"}],"wp:attachment":[{"href":"https:\/\/ctccollector.ca\/store\/wp-json\/wp\/v2\/media?parent=29212"}],"wp:term":[{"taxonomy":"product_brand","embeddable":true,"href":"https:\/\/ctccollector.ca\/store\/wp-json\/wp\/v2\/product_brand?post=29212"},{"taxonomy":"product_cat","embeddable":true,"href":"https:\/\/ctccollector.ca\/store\/wp-json\/wp\/v2\/product_cat?post=29212"},{"taxonomy":"product_tag","embeddable":true,"href":"https:\/\/ctccollector.ca\/store\/wp-json\/wp\/v2\/product_tag?post=29212"}],"curies":[{"name":"wp","href":"https:\/\/api.w.org\/{rel}","templated":true}]}}