{"id":29743,"date":"2020-11-29T09:15:45","date_gmt":"2020-11-29T14:15:45","guid":{"rendered":"https:\/\/ctccollector.ca\/store\/?post_type=product&#038;p=29743"},"modified":"2025-01-10T03:55:02","modified_gmt":"2025-01-10T08:55:02","slug":"ctc-s20-b-0015019910-unc-offset-serial","status":"publish","type":"product","link":"https:\/\/ctccollector.ca\/store\/shop\/ctc-s20-b-0015019910-unc-offset-serial\/","title":{"rendered":"[:en]CTC S20-B  &#8211; 0015019910 &#8211; UNC &#8211; offset serial #[:fr]CTC S20-B  &#8211; 0015019910 &#8211; UNC &#8211; # s\u00e9rie d\u00e9cal\u00e9[:]"},"content":{"rendered":"<p>[:en]Check out the image, this will be the actual note you are purchasing![:fr]Voir l\u2019image pour examiner le billet que vous ach\u00e8terez![:]<\/p>\n","protected":false},"excerpt":{"rendered":"<p>[:en]Check out the image, this will be the actual note you are purchasing![:fr]Voir l\u2019image pour examiner le billet que vous ach\u00e8terez![:]<\/p>\n","protected":false},"featured_media":29745,"template":"","meta":[],"product_brand":[],"product_cat":[415,992],"product_tag":[],"class_list":{"0":"post-29743","1":"product","2":"type-product","3":"status-publish","4":"has-post-thumbnail","6":"product_cat-ctc-s20-varieties-errors-4","7":"product_cat-serial-number-varieties","10":"first","11":"outofstock","12":"shipping-taxable","13":"purchasable","14":"product-type-simple"},"_links":{"self":[{"href":"https:\/\/ctccollector.ca\/store\/wp-json\/wp\/v2\/product\/29743","targetHints":{"allow":["GET"]}}],"collection":[{"href":"https:\/\/ctccollector.ca\/store\/wp-json\/wp\/v2\/product"}],"about":[{"href":"https:\/\/ctccollector.ca\/store\/wp-json\/wp\/v2\/types\/product"}],"wp:featuredmedia":[{"embeddable":true,"href":"https:\/\/ctccollector.ca\/store\/wp-json\/wp\/v2\/media\/29745"}],"wp:attachment":[{"href":"https:\/\/ctccollector.ca\/store\/wp-json\/wp\/v2\/media?parent=29743"}],"wp:term":[{"taxonomy":"product_brand","embeddable":true,"href":"https:\/\/ctccollector.ca\/store\/wp-json\/wp\/v2\/product_brand?post=29743"},{"taxonomy":"product_cat","embeddable":true,"href":"https:\/\/ctccollector.ca\/store\/wp-json\/wp\/v2\/product_cat?post=29743"},{"taxonomy":"product_tag","embeddable":true,"href":"https:\/\/ctccollector.ca\/store\/wp-json\/wp\/v2\/product_tag?post=29743"}],"curies":[{"name":"wp","href":"https:\/\/api.w.org\/{rel}","templated":true}]}}