{"id":29930,"date":"2020-12-06T09:35:38","date_gmt":"2020-12-06T14:35:38","guid":{"rendered":"https:\/\/ctccollector.ca\/store\/?post_type=product&#038;p=29930"},"modified":"2020-12-06T09:36:17","modified_gmt":"2020-12-06T14:36:17","slug":"ctc-s30-ba09-9000954058-au","status":"publish","type":"product","link":"https:\/\/ctccollector.ca\/store\/shop\/ctc-s30-ba09-9000954058-au\/","title":{"rendered":"CTC S30-Ba09  &#8211; 9000954058 &#8211;  AU"},"content":{"rendered":"<p>[:en]Check out the image, this will be the actual note you will receive.<\/p>\n<p>This batch of single note replacements for this series start at 9000950000 and go to 9000999999[:fr]Examiner l&#8217;image, ce sera le billet que vous recevrez.<\/p>\n<p>Ce lot de remplacements simples pour cette s\u00e9rie commence \u00e0 9000950000 et se termine \u00e0 9000999999[:]<\/p>\n","protected":false},"excerpt":{"rendered":"<p>[:en]Check out the image, this will be the actual note you will receive. This batch of single note replacements for this series start at 9000950000 and go to 9000999999[:fr]Examiner l&#8217;image, ce sera le billet que vous recevrez. Ce lot de remplacements simples pour cette s\u00e9rie commence \u00e0 9000950000 et se termine \u00e0 9000999999[:]<\/p>\n","protected":false},"featured_media":29923,"template":"","meta":[],"product_brand":[],"product_cat":[441],"product_tag":[],"class_list":{"0":"post-29930","1":"product","2":"type-product","3":"status-publish","4":"has-post-thumbnail","6":"product_cat-ctc-s30-replacements-21","9":"first","10":"instock","11":"shipping-taxable","12":"purchasable","13":"product-type-simple"},"_links":{"self":[{"href":"https:\/\/ctccollector.ca\/store\/wp-json\/wp\/v2\/product\/29930","targetHints":{"allow":["GET"]}}],"collection":[{"href":"https:\/\/ctccollector.ca\/store\/wp-json\/wp\/v2\/product"}],"about":[{"href":"https:\/\/ctccollector.ca\/store\/wp-json\/wp\/v2\/types\/product"}],"wp:featuredmedia":[{"embeddable":true,"href":"https:\/\/ctccollector.ca\/store\/wp-json\/wp\/v2\/media\/29923"}],"wp:attachment":[{"href":"https:\/\/ctccollector.ca\/store\/wp-json\/wp\/v2\/media?parent=29930"}],"wp:term":[{"taxonomy":"product_brand","embeddable":true,"href":"https:\/\/ctccollector.ca\/store\/wp-json\/wp\/v2\/product_brand?post=29930"},{"taxonomy":"product_cat","embeddable":true,"href":"https:\/\/ctccollector.ca\/store\/wp-json\/wp\/v2\/product_cat?post=29930"},{"taxonomy":"product_tag","embeddable":true,"href":"https:\/\/ctccollector.ca\/store\/wp-json\/wp\/v2\/product_tag?post=29930"}],"curies":[{"name":"wp","href":"https:\/\/api.w.org\/{rel}","templated":true}]}}