{"id":30724,"date":"2021-03-07T10:52:16","date_gmt":"2021-03-07T15:52:16","guid":{"rendered":"https:\/\/ctccollector.ca\/store\/?post_type=product&#038;p=30724"},"modified":"2022-03-21T15:58:26","modified_gmt":"2022-03-21T19:58:26","slug":"fa04-f-100-05-type-025-2406-0620-70483","status":"publish","type":"product","link":"https:\/\/ctccollector.ca\/store\/shop\/fa04-f-100-05-type-025-2406-0620-70483\/","title":{"rendered":"FA04-F-100-05-Type 025-2406-0620-70483"},"content":{"rendered":"<p>[:en]Fixed Amount Series 4 -Corporate Issue<\/p>\n<p>$100.00 Heritage series<\/p>\n<p>Used, no value on card.<\/p>\n<p>Back Type 025<\/p>\n<p>2406 &#8211;\u00a0Card #7043<\/p>\n<p>Date 06-2020[:fr]Montant Fixe s\u00e9ries 4 -\u00c9mission corporative<\/p>\n<p>$100.00 s\u00e9rie Heritage<\/p>\n<p>Utilis\u00e9e, aucune valeur sur la carte<\/p>\n<p>Endos -Type 025<\/p>\n<p>2406 &#8211; Carte #70483<\/p>\n<p>Date 06-2020[:]<\/p>\n","protected":false},"excerpt":{"rendered":"<p>[:en]Fixed Amount Series 4 -Corporate Issue $100.00 Heritage series Used, no value on card. Back Type 025 2406 &#8211;\u00a0Card #7043 Date 06-2020[:fr]Montant Fixe s\u00e9ries 4 -\u00c9mission corporative $100.00 s\u00e9rie Heritage Utilis\u00e9e, aucune valeur sur la carte Endos -Type 025 2406 &#8211; Carte #70483 Date 06-2020[:]<\/p>\n","protected":false},"featured_media":30725,"template":"","meta":[],"product_brand":[],"product_cat":[757],"product_tag":[],"class_list":{"0":"post-30724","1":"product","2":"type-product","3":"status-publish","4":"has-post-thumbnail","6":"product_cat-fa04-100","9":"first","10":"instock","11":"shipping-taxable","12":"purchasable","13":"product-type-simple"},"_links":{"self":[{"href":"https:\/\/ctccollector.ca\/store\/wp-json\/wp\/v2\/product\/30724","targetHints":{"allow":["GET"]}}],"collection":[{"href":"https:\/\/ctccollector.ca\/store\/wp-json\/wp\/v2\/product"}],"about":[{"href":"https:\/\/ctccollector.ca\/store\/wp-json\/wp\/v2\/types\/product"}],"wp:featuredmedia":[{"embeddable":true,"href":"https:\/\/ctccollector.ca\/store\/wp-json\/wp\/v2\/media\/30725"}],"wp:attachment":[{"href":"https:\/\/ctccollector.ca\/store\/wp-json\/wp\/v2\/media?parent=30724"}],"wp:term":[{"taxonomy":"product_brand","embeddable":true,"href":"https:\/\/ctccollector.ca\/store\/wp-json\/wp\/v2\/product_brand?post=30724"},{"taxonomy":"product_cat","embeddable":true,"href":"https:\/\/ctccollector.ca\/store\/wp-json\/wp\/v2\/product_cat?post=30724"},{"taxonomy":"product_tag","embeddable":true,"href":"https:\/\/ctccollector.ca\/store\/wp-json\/wp\/v2\/product_tag?post=30724"}],"curies":[{"name":"wp","href":"https:\/\/api.w.org\/{rel}","templated":true}]}}