{"id":31189,"date":"2021-04-16T14:07:19","date_gmt":"2021-04-16T18:07:19","guid":{"rendered":"https:\/\/ctccollector.ca\/store\/?post_type=product&#038;p=31189"},"modified":"2022-08-26T15:58:04","modified_gmt":"2022-08-26T19:58:04","slug":"fa13-100-02b-type-087-2419-17799-9-small-serial","status":"publish","type":"product","link":"https:\/\/ctccollector.ca\/store\/shop\/fa13-100-02b-type-087-2419-17799-9-small-serial\/","title":{"rendered":"[:en]FA13-100-02b-Type 087 &#8211; 2419-17799-9 &#8211; small serial #[:fr]FA13-100-02b-Type 087 &#8211; 2419-17799-9 &#8211; petit # s\u00e9rie[:]"},"content":{"rendered":"<p>[:en]Fixed Amount Series 13<\/p>\n<p>$100.00 CTC Logo on Black<\/p>\n<p>Used, no value on card<\/p>\n<p>2419 &#8211; Card #17799-9<\/p>\n<p>Small serial number under barcode.[:fr]Montant Fixe s\u00e9ries 13<\/p>\n<p>$100.00 logo CTC sur fond noir<\/p>\n<p>Utilis\u00e9e, aucun valeur sur la carte<\/p>\n<p>2419 &#8211; Carte #17799-9<\/p>\n<p>Petit num\u00e9ro de s\u00e9rie sous la code a barre.[:]<\/p>\n","protected":false},"excerpt":{"rendered":"<p>[:en]Fixed Amount Series 13 $100.00 CTC Logo on Black Used, no value on card 2419 &#8211; Card #17799-9 Small serial number under barcode.[:fr]Montant Fixe s\u00e9ries 13 $100.00 logo CTC sur fond noir Utilis\u00e9e, aucun valeur sur la carte 2419 &#8211; Carte #17799-9 Petit num\u00e9ro de s\u00e9rie sous la code a barre.[:]<\/p>\n","protected":false},"featured_media":31190,"template":"","meta":[],"product_brand":[],"product_cat":[928],"product_tag":[],"class_list":{"0":"post-31189","1":"product","2":"type-product","3":"status-publish","4":"has-post-thumbnail","6":"product_cat-fixed-amount-fa13","9":"first","10":"instock","11":"shipping-taxable","12":"purchasable","13":"product-type-simple"},"_links":{"self":[{"href":"https:\/\/ctccollector.ca\/store\/wp-json\/wp\/v2\/product\/31189","targetHints":{"allow":["GET"]}}],"collection":[{"href":"https:\/\/ctccollector.ca\/store\/wp-json\/wp\/v2\/product"}],"about":[{"href":"https:\/\/ctccollector.ca\/store\/wp-json\/wp\/v2\/types\/product"}],"wp:featuredmedia":[{"embeddable":true,"href":"https:\/\/ctccollector.ca\/store\/wp-json\/wp\/v2\/media\/31190"}],"wp:attachment":[{"href":"https:\/\/ctccollector.ca\/store\/wp-json\/wp\/v2\/media?parent=31189"}],"wp:term":[{"taxonomy":"product_brand","embeddable":true,"href":"https:\/\/ctccollector.ca\/store\/wp-json\/wp\/v2\/product_brand?post=31189"},{"taxonomy":"product_cat","embeddable":true,"href":"https:\/\/ctccollector.ca\/store\/wp-json\/wp\/v2\/product_cat?post=31189"},{"taxonomy":"product_tag","embeddable":true,"href":"https:\/\/ctccollector.ca\/store\/wp-json\/wp\/v2\/product_tag?post=31189"}],"curies":[{"name":"wp","href":"https:\/\/api.w.org\/{rel}","templated":true}]}}