{"id":31485,"date":"2021-05-04T14:21:31","date_gmt":"2021-05-04T18:21:31","guid":{"rendered":"https:\/\/ctccollector.ca\/store\/?post_type=product&#038;p=31485"},"modified":"2021-05-04T14:26:42","modified_gmt":"2021-05-04T18:26:42","slug":"ctc-s27-c06-02-0205398029-vf-mismatched-serial-numbers-esmm","status":"publish","type":"product","link":"https:\/\/ctccollector.ca\/store\/shop\/ctc-s27-c06-02-0205398029-vf-mismatched-serial-numbers-esmm\/","title":{"rendered":"[:en]CTC S27-C06-02 &#8211; 0205398029 &#8211; VF &#8211; Mismatched Serial Numbers (esmm)[:fr]CTC S27-C06-02 &#8211; 0205398029 &#8211; VF &#8211; Num\u00e9ros de s\u00e9rie diff\u00e9rents (esmm)[:]"},"content":{"rendered":"<p>[:en]Check the image for the actual note you will receive.<\/p>\n<p><b>Mismatched Serial Numbers (esmm)<span class=\"Apple-converted-space\">\u00a0<\/span><\/b><\/p>\n<p>Mismatched serial numbers occur when the two serial numbers on the same coupon are different. Usually only one digit differs but some coupon<span class=\"Apple-converted-space\">\u00a0<\/span>[:fr]V\u00e9rifiez l&#8217;image pour le billet actuel que vous recevrez.<\/p>\n<p><b>Num\u00e9ros de s\u00e9rie diff\u00e9rents (esmm)<span class=\"Apple-converted-space\">\u00a0<\/span><\/b><\/p>\n<p>Les num\u00e9ros de s\u00e9rie diff\u00e9rents arrivent quand les deux num\u00e9ros de s\u00e9rie sur le m\u00eame coupon sont diff\u00e9rents. Habituellement, seulement un chiffre du num\u00e9ro diff\u00e8re mais plusieurs coupons ont \u00e9t\u00e9 trouv\u00e9s<span class=\"Apple-converted-space\">\u00a0<\/span>[:]<\/p>\n","protected":false},"excerpt":{"rendered":"<p>[:en]Check the image for the actual note you will receive. Mismatched Serial Numbers (esmm)\u00a0 Mismatched serial numbers occur when the two serial numbers on the same coupon are different. Usually only one digit differs but some coupon\u00a0[:fr]V\u00e9rifiez l&#8217;image pour le billet actuel que vous recevrez. Num\u00e9ros de s\u00e9rie diff\u00e9rents (esmm)\u00a0 Les num\u00e9ros de s\u00e9rie diff\u00e9rents &hellip; <a href=\"https:\/\/ctccollector.ca\/store\/shop\/ctc-s27-c06-02-0205398029-vf-mismatched-serial-numbers-esmm\/\" class=\"more-link\">Continue reading <span class=\"screen-reader-text\">[:en]CTC S27-C06-02 &#8211; 0205398029 &#8211; VF &#8211; Mismatched Serial Numbers (esmm)[:fr]CTC S27-C06-02 &#8211; 0205398029 &#8211; VF &#8211; Num\u00e9ros de s\u00e9rie diff\u00e9rents (esmm)[:]<\/span> <span class=\"meta-nav\">&rarr;<\/span><\/a><\/p>\n","protected":false},"featured_media":31486,"template":"","meta":[],"product_brand":[],"product_cat":[506],"product_tag":[],"class_list":{"0":"post-31485","1":"product","2":"type-product","3":"status-publish","4":"has-post-thumbnail","6":"product_cat-ctc-s27-10-varieties-errors-2","9":"first","10":"instock","11":"shipping-taxable","12":"purchasable","13":"product-type-simple"},"_links":{"self":[{"href":"https:\/\/ctccollector.ca\/store\/wp-json\/wp\/v2\/product\/31485","targetHints":{"allow":["GET"]}}],"collection":[{"href":"https:\/\/ctccollector.ca\/store\/wp-json\/wp\/v2\/product"}],"about":[{"href":"https:\/\/ctccollector.ca\/store\/wp-json\/wp\/v2\/types\/product"}],"wp:featuredmedia":[{"embeddable":true,"href":"https:\/\/ctccollector.ca\/store\/wp-json\/wp\/v2\/media\/31486"}],"wp:attachment":[{"href":"https:\/\/ctccollector.ca\/store\/wp-json\/wp\/v2\/media?parent=31485"}],"wp:term":[{"taxonomy":"product_brand","embeddable":true,"href":"https:\/\/ctccollector.ca\/store\/wp-json\/wp\/v2\/product_brand?post=31485"},{"taxonomy":"product_cat","embeddable":true,"href":"https:\/\/ctccollector.ca\/store\/wp-json\/wp\/v2\/product_cat?post=31485"},{"taxonomy":"product_tag","embeddable":true,"href":"https:\/\/ctccollector.ca\/store\/wp-json\/wp\/v2\/product_tag?post=31485"}],"curies":[{"name":"wp","href":"https:\/\/api.w.org\/{rel}","templated":true}]}}