{"id":31677,"date":"2021-06-03T08:55:57","date_gmt":"2021-06-03T12:55:57","guid":{"rendered":"https:\/\/ctccollector.ca\/store\/?post_type=product&#038;p=31677"},"modified":"2021-06-03T08:56:57","modified_gmt":"2021-06-03T12:56:57","slug":"ctc-s09-f-ez2-ez7717667-fine-stretched-serial-number","status":"publish","type":"product","link":"https:\/\/ctccollector.ca\/store\/shop\/ctc-s09-f-ez2-ez7717667-fine-stretched-serial-number\/","title":{"rendered":"[:en]CTC S09-F-EZ2 &#8211; EZ7717667 &#8211; Fine &#8211; stretched serial number[:fr]CTC S09-F-EZ2 &#8211; EZ7717667 &#8211; Fine &#8211; num\u00e9ro de s\u00e9rie \u00e9tir\u00e9[:]"},"content":{"rendered":"<p>[:en]Check out the image, this will be the actual note you are purchasing![:fr]Voir l&#8217;image pour examiner le billet que vous ach\u00e8terez![:]<\/p>\n","protected":false},"excerpt":{"rendered":"<p>[:en]Check out the image, this will be the actual note you are purchasing![:fr]Voir l&#8217;image pour examiner le billet que vous ach\u00e8terez![:]<\/p>\n","protected":false},"featured_media":31673,"template":"","meta":[],"product_brand":[],"product_cat":[571],"product_tag":[],"class_list":{"0":"post-31677","1":"product","2":"type-product","3":"status-publish","4":"has-post-thumbnail","6":"product_cat-ctc-s9-1-00-notes-18","9":"first","10":"instock","11":"shipping-taxable","12":"purchasable","13":"product-type-simple"},"_links":{"self":[{"href":"https:\/\/ctccollector.ca\/store\/wp-json\/wp\/v2\/product\/31677","targetHints":{"allow":["GET"]}}],"collection":[{"href":"https:\/\/ctccollector.ca\/store\/wp-json\/wp\/v2\/product"}],"about":[{"href":"https:\/\/ctccollector.ca\/store\/wp-json\/wp\/v2\/types\/product"}],"wp:featuredmedia":[{"embeddable":true,"href":"https:\/\/ctccollector.ca\/store\/wp-json\/wp\/v2\/media\/31673"}],"wp:attachment":[{"href":"https:\/\/ctccollector.ca\/store\/wp-json\/wp\/v2\/media?parent=31677"}],"wp:term":[{"taxonomy":"product_brand","embeddable":true,"href":"https:\/\/ctccollector.ca\/store\/wp-json\/wp\/v2\/product_brand?post=31677"},{"taxonomy":"product_cat","embeddable":true,"href":"https:\/\/ctccollector.ca\/store\/wp-json\/wp\/v2\/product_cat?post=31677"},{"taxonomy":"product_tag","embeddable":true,"href":"https:\/\/ctccollector.ca\/store\/wp-json\/wp\/v2\/product_tag?post=31677"}],"curies":[{"name":"wp","href":"https:\/\/api.w.org\/{rel}","templated":true}]}}