{"id":31816,"date":"2021-06-25T16:24:13","date_gmt":"2021-06-25T20:24:13","guid":{"rendered":"https:\/\/ctccollector.ca\/store\/?post_type=product&#038;p=31816"},"modified":"2021-07-08T16:41:56","modified_gmt":"2021-07-08T20:41:56","slug":"gdn-03-t-t201011-fine-gasoline-discount-note","status":"publish","type":"product","link":"https:\/\/ctccollector.ca\/store\/shop\/gdn-03-t-t201011-fine-gasoline-discount-note\/","title":{"rendered":"GDN-03-T &#8211; T201011 &#8211; Fine &#8211; Gasoline discount note"},"content":{"rendered":"<p>[:en]<span style=\"color: #339966;\"><strong>Please examine the images to see the exact note you will receive.<\/strong><\/span><\/p>\n<p><span style=\"color: #339966;\"><strong>I would also suggest that you download the image of the note to compare to the note you receive.<\/strong><\/span>[:fr]<span style=\"color: #339966;\"><strong>Veuillez examiner les images pour voir le(s) billet(s) exact(s) que vous recevrez.<\/strong><\/span><\/p>\n<p><span style=\"color: #339966;\"><strong>Je vous sugg\u00e8re \u00e9galement de t\u00e9l\u00e9charger les images du billet pour la comparer au(x) billet(s) que vous recevez.<\/strong><\/span>[:]<\/p>\n","protected":false},"excerpt":{"rendered":"<p>[:en]Please examine the images to see the exact note you will receive. I would also suggest that you download the image of the note to compare to the note you receive.[:fr]Veuillez examiner les images pour voir le(s) billet(s) exact(s) que vous recevrez. Je vous sugg\u00e8re \u00e9galement de t\u00e9l\u00e9charger les images du billet pour la comparer &hellip; <a href=\"https:\/\/ctccollector.ca\/store\/shop\/gdn-03-t-t201011-fine-gasoline-discount-note\/\" class=\"more-link\">Continue reading <span class=\"screen-reader-text\">GDN-03-T &#8211; T201011 &#8211; Fine &#8211; Gasoline discount note<\/span> <span class=\"meta-nav\">&rarr;<\/span><\/a><\/p>\n","protected":false},"featured_media":31817,"template":"","meta":[],"product_brand":[],"product_cat":[977],"product_tag":[],"class_list":{"0":"post-31816","1":"product","2":"type-product","3":"status-publish","4":"has-post-thumbnail","6":"product_cat-gasoline-discount-notes","9":"first","10":"instock","11":"sold-individually","12":"shipping-taxable","13":"purchasable","14":"product-type-simple"},"_links":{"self":[{"href":"https:\/\/ctccollector.ca\/store\/wp-json\/wp\/v2\/product\/31816","targetHints":{"allow":["GET"]}}],"collection":[{"href":"https:\/\/ctccollector.ca\/store\/wp-json\/wp\/v2\/product"}],"about":[{"href":"https:\/\/ctccollector.ca\/store\/wp-json\/wp\/v2\/types\/product"}],"wp:featuredmedia":[{"embeddable":true,"href":"https:\/\/ctccollector.ca\/store\/wp-json\/wp\/v2\/media\/31817"}],"wp:attachment":[{"href":"https:\/\/ctccollector.ca\/store\/wp-json\/wp\/v2\/media?parent=31816"}],"wp:term":[{"taxonomy":"product_brand","embeddable":true,"href":"https:\/\/ctccollector.ca\/store\/wp-json\/wp\/v2\/product_brand?post=31816"},{"taxonomy":"product_cat","embeddable":true,"href":"https:\/\/ctccollector.ca\/store\/wp-json\/wp\/v2\/product_cat?post=31816"},{"taxonomy":"product_tag","embeddable":true,"href":"https:\/\/ctccollector.ca\/store\/wp-json\/wp\/v2\/product_tag?post=31816"}],"curies":[{"name":"wp","href":"https:\/\/api.w.org\/{rel}","templated":true}]}}